{"id":2692,"date":"2022-04-25T20:22:17","date_gmt":"2022-04-25T18:22:17","guid":{"rendered":"https:\/\/koschies.de\/?page_id=2692"},"modified":"2025-10-08T19:59:56","modified_gmt":"2025-10-08T17:59:56","slug":"pnn-2009","status":"publish","type":"page","link":"https:\/\/koschies.de\/en\/press\/pnn-2009\/","title":{"rendered":"PNN 2009"},"content":{"rendered":"<div class=\"wpb-content-wrapper\"><p>[vc_row full_width=&#8221;stretch_row&#8221; gap=&#8221;1&#8243; css=&#8221;.vc_custom_1759946391587{padding-top: 0px !important;padding-bottom: 0px !important;background-color: #383838 !important;}&#8221;][vc_column offset=&#8221;vc_col-lg-offset-0 vc_col-md-offset-0 vc_col-sm-offset-0&#8243; css=&#8221;.vc_custom_1590137977848{padding-top: 0px !important;padding-bottom: 0px !important;}&#8221;][vc_column_text css=&#8221;.vc_custom_1590329173237{margin-bottom: 0px !important;padding-top: 20px !important;padding-bottom: 20px !important;}&#8221;]<\/p>\n<h3 style=\"text-align: left;\"><span style=\"color: #ffffff;\">MEDIA<\/span><\/h3>\n<p>[\/vc_column_text][\/vc_column][\/vc_row][vc_row full_width=&#8221;stretch_row&#8221; gap=&#8221;1&#8243; bg_type=&#8221;image&#8221; parallax_style=&#8221;vcpb-default&#8221; bg_image_repeat=&#8221;no-repeat&#8221; css=&#8221;.vc_custom_1759946380538{padding-top: 0px !important;padding-bottom: 0px !important;background-color: #eaeaea !important;}&#8221;][vc_column css=&#8221;.vc_custom_1590137849040{padding-top: 0px !important;padding-bottom: 0px !important;}&#8221;][vc_column_text css=&#8221;.vc_custom_1590670015696{margin-bottom: 0px !important;padding-top: 20px !important;padding-bottom: 20px !important;}&#8221;]<\/p>\n<h3>THE HUMAN RACE<\/h3>\n<p>[\/vc_column_text][\/vc_column][\/vc_row][vc_row full_width=&#8221;stretch_row&#8221; gap=&#8221;1&#8243; bg_type=&#8221;image&#8221; parallax_style=&#8221;vcpb-default&#8221; bg_image_repeat=&#8221;no-repeat&#8221; css=&#8221;.vc_custom_1759946374805{padding-top: 20px !important;padding-bottom: 80px !important;background-color: #ffffff !important;}&#8221;][vc_column width=&#8221;2\/3&#8243; offset=&#8221;vc_col-lg-offset-3 vc_col-lg-7 vc_col-md-offset-2 vc_col-md-7 vc_col-sm-offset-2&#8243;][vc_column_text]<span style=\"color: #808080;\"><strong>Potsdamer Neueste Nachrichten (PNN) vom 19.5.2009<span class=\"nli\"><br \/>\nPotsdam-Kultur<\/span><\/strong><\/span><\/p>\n<p>&nbsp;<\/p>\n<p><span class=\"headl\">Von Almut Andreae<\/span><\/p>\n<h2>Geschwindigkeit mit Folgen<\/h2>\n<p><strong>An der Hochschule f\u00fcr Film und Fernsehen wurde \u201eKOSCHIES \u2013 THE HUMAN RACE\u201c er\u00f6ffnet.<\/strong><\/p>\n<p>Sie rennen, was das Zeug h\u00e4lt: Pontius und Pilatus, David und Goliath, Die eiligen drei K\u00f6nige. Erwachsene und Kinder, mal in Frack und Zylinder, mal g\u00e4nzlich h\u00fcllenlos. Sie laufen, laufen, laufen \u2013 und werfen dabei bizarr geformte Schattenbilder vor und hinter sich her. Wird die Richtung gewechselt, f\u00e4llt der Schatten nach rechts wie nach links, wohlgemerkt auf einem Bild, auf einem Foto. Weitere Auff\u00e4lligkeiten: raffinierte Schwarz-Wei\u00df-Optik, Grobk\u00f6rnigkeit und eine Vorliebe f\u00fcr das extreme Querformat.[\/vc_column_text][vc_single_image image=&#8221;1098&#8243; img_size=&#8221;full&#8221; css=&#8221;.vc_custom_1590670840708{margin-bottom: 0px !important;padding-bottom: 0px !important;}&#8221;][vc_column_text css=&#8221;.vc_custom_1590670853179{margin-top: 10px !important;padding-top: 0px !important;}&#8221;]<i>Bei der Er\u00f6ffnung der Ausstellung: der K\u00fcnstler Axel Koschies, der HFF-Chef Prof. Dr. Wiedemann, die K\u00fcnstlerin Birgit Koschies und Volker Schl\u00f6ndorff (v.l.n.r.) Foto: Manfred Thomas<\/i>[\/vc_column_text][vc_column_text]Manipulierte Fotos kennt man zur Gen\u00fcge. Von daher sind gegenl\u00e4ufige Schattenw\u00fcrfe so \u00fcberraschend nicht. Aber Fehlanzeige: Bei diesen Aufnahmen wurde nicht getrickst. Im Falle der Ausstellung \u201eKoschies \u2013 The human race\u201c, die man aktuell im Atrium der Hochschule f\u00fcr Film und Fernsehen (HFF) zu sehen bekommt, liegen die Dinge anders. Es handelt sich nicht um digitale Spielereien, sondern um analoge Aufnahme auf einem 35-mm-Film ohne Perforation.<\/p>\n<p>Die ausgestellten Fotos, die im herk\u00f6mmlichen Sinne eigentlich gar keine sind, haben eine deutliche Schnittmenge mit dem Film. Auch deswegen sorgen der Pr\u00e4sident der HFF sowie der Filmregisseur und Oscar-Preistr\u00e4ger Volker Schl\u00f6ndorff als Laudator f\u00fcr ein w\u00fcrdevolles Entr\u00e9e des K\u00fcnstlerehepaares Birgit und Axel Koschies auf dem Parkett der Hochschule f\u00fcr Film und Fernsehen.<\/p>\n<p>Die au\u00dfergew\u00f6hnliche Funktionsweise der Zeitfotografie, mit der Koschies all die Bilder aufgenommen haben, schindet auch bei Schl\u00f6ndorff offenkundig Eindruck. Das K\u00fcnstlerpaar arbeitet mit einem fast schon antik anmutenden Koloss von Kamera aus den sechziger Jahren, der \u2013 wie alle Schlitzkameras \u2013 ganz und gar ohne einen Verschluss auskommt.<\/p>\n<p>Bei einer Schlitzkamera wird der lichtempfindliche Rollfilm in kontinuierlicher Bewegung an einem permanent ge\u00f6ffneten millimiterfeinen Aufnahmeschlitz vorbeibewegt. Schlitzkameras sind dazu da, Bewegung einzufangen, zum Beispiel wenn es darum geht, bei sportlichen Wettk\u00e4mpfen zu dokumentieren, wer die Nase vorne hat. Birgit Koschies, die in Sachen Zeitphotographie auf jahrelange Erfahrung zur\u00fcckgreifen kann, hat es raus, ihre Kamera so einzustellen, dass sie angepasst auf die Geschwindigkeit eines L\u00e4ufers die Bewegung richtig fokussiert. Nur was in der richtigen Geschwindigkeit den Sehschlitz passiert, ist hinterher auf dem Film auch wirklich erkennbar. Nur wer schnell genug ist, wird (von der Kamera) gesehen. Deshalb m\u00fcssen die Modelle f\u00fcr die von Axel Koschies gestellten Schlitzkamera-Bilder auch immerzu rennen, idealerweise, wegen der Lichtausbeute, wenn die Sonne hoch am Himmel steht.<\/p>\n<p>Koschies inszenieren in ihrer Bilderserie \u201eTHE HUMAN Race\u201c, die seit 1990 fast im Verborgenen heranreifte, die Schnelllebigkeit und den Wettlauf mit der Zeit. Die im Titel mitschwingende Doppeldeutigkeit \u2013 \u201emenschliche Rasse\u201c, \u201eMenschenschlag\u201c, \u201emenschliches Wettrennen\u201c &#8211; liefert die Sicht von Koschies auf die Dinge, auf die conditio humana gleich mit. Die Schlitzkamera wird bei Koschies zum kongenialen Medium, um die Geschwindigkeits-Analogie zwischen Leben und Kamera immer wieder neu in Szene zu setzen. Der Weg zum Ergebnis, wie es sich in der Ausstellung in 24 Motiven darstellt, ist extrem aufw\u00e4ndig.<\/p>\n<p>Die gezeigten Arbeiten sind ein Destillat von ann\u00e4hernd zwei Jahrzehnten intensiver Arbeit, bei dem nicht nur zahllose Kilometer Filmmaterial, sondern auch etliche Ideen f\u00fcr Szenen verworfen werden mussten.<\/p>\n<p>Die gegl\u00fcckten Szenen, bei denen Koschies in ironisierenden Bildtiteln wie \u201eLove is a battleshield\u201c, \u201eThe dark side of the mood\u201c die eigene Deutung gleich mitliefern, wurden f\u00fcr die Ausstellung ins gro\u00dfe Format \u00fcbersetzt. Dazu musste das analoge Filmmaterial gescannt werden. Die auf diese Weise stark vergr\u00f6\u00dferten Motive werden als Digitaldruck auf Leinwand pr\u00e4sentiert. Bei der Vernissage wurden Birgit und Axel Koschies mit Fragen nach dem Aufnahmeverfahren ihrer Fotos regelrecht best\u00fcrmt.<\/p>\n<p>Neben dem Gehalt der Bilder wirkte die au\u00dfergew\u00f6hnliche Aufnahmetechnik der Schlitzkamera, bei der \u00fcbrigens die belichteten Filmstreifen im Fu\u00df der Kamera per Entwicklungsbad und Fixierer gleich entwickelt wird, f\u00fcr nicht ausgehenden Gespr\u00e4chsstoff. Der verbl\u00fcffende Effekt, der entsteht, wenn im Bild aus einem zeitlichen Nacheinander ein r\u00e4umliches Nebeneinander entsteht, kombiniert mit dem Einfallsreichtum des eingespielten Photographin-Texter-Duos, weckt im Hinblick auf k\u00fcnftige Kreationen \u00e0 la Koschies Erwartungen.<\/p>\n<p>Der Tag wird kommen, da sind auch noch die letzten Vorr\u00e4te an Original-Filmmaterial f\u00fcr die gute alte Schlitzkamera ersch\u00f6pft. Auch vor diesem Hintergrund ist die weitere Entwicklung des eingespielten Teams interessant.[\/vc_column_text][vc_column_text]<em>Bis zum 15. Juni, t\u00e4glich von 10 bis 18 Uhr,<br \/>\nHochschule f\u00fcr Film und Fernsehen, Marlene-Dietrich-Allee 11.<\/em>[\/vc_column_text]<div class=\"ult-spacer spacer-69df045f5c494\" data-id=\"69df045f5c494\" data-height=\"150\" data-height-mobile=\"150\" data-height-tab=\"150\" data-height-tab-portrait=\"\" data-height-mobile-landscape=\"\" style=\"clear:both;display:block;\"><\/div>[\/vc_column][\/vc_row]<\/p>\n<\/div>","protected":false},"excerpt":{"rendered":"<p>[vc_row full_width=&#8221;stretch_row&#8221; gap=&#8221;1&#8243; css=&#8221;.vc_custom_1759946391587{padding-top: 0px !important;padding-bottom: 0px !important;background-color: #383838 !important;}&#8221;][vc_column offset=&#8221;vc_col-lg-offset-0 vc_col-md-offset-0 vc_col-sm-offset-0&#8243; css=&#8221;.vc_custom_1590137977848{padding-top: 0px !important;padding-bottom: 0px !important;}&#8221;][vc_column_text css=&#8221;.vc_custom_1590329173237{margin-bottom: 0px !important;padding-top: 20px !important;padding-bottom: 20px !important;}&#8221;] MEDIA [\/vc_column_text][\/vc_column][\/vc_row][vc_row full_width=&#8221;stretch_row&#8221; gap=&#8221;1&#8243; bg_type=&#8221;image&#8221; parallax_style=&#8221;vcpb-default&#8221; bg_image_repeat=&#8221;no-repeat&#8221; css=&#8221;.vc_custom_1759946380538{padding-top: 0px !important;padding-bottom: 0px !important;background-color: #eaeaea !important;}&#8221;][vc_column css=&#8221;.vc_custom_1590137849040{padding-top: 0px !important;padding-bottom: 0px !important;}&#8221;][vc_column_text css=&#8221;.vc_custom_1590670015696{margin-bottom: 0px !important;padding-top: 20px !important;padding-bottom: 20px !important;}&#8221;] THE HUMAN RACE [\/vc_column_text][\/vc_column][\/vc_row][vc_row&hellip;<\/p>\n","protected":false},"author":1,"featured_media":0,"parent":2577,"menu_order":0,"comment_status":"closed","ping_status":"closed","template":"","meta":{"footnotes":""},"class_list":["post-2692","page","type-page","status-publish","hentry","description-off"],"_links":{"self":[{"href":"https:\/\/koschies.de\/en\/wp-json\/wp\/v2\/pages\/2692","targetHints":{"allow":["GET"]}}],"collection":[{"href":"https:\/\/koschies.de\/en\/wp-json\/wp\/v2\/pages"}],"about":[{"href":"https:\/\/koschies.de\/en\/wp-json\/wp\/v2\/types\/page"}],"author":[{"embeddable":true,"href":"https:\/\/koschies.de\/en\/wp-json\/wp\/v2\/users\/1"}],"replies":[{"embeddable":true,"href":"https:\/\/koschies.de\/en\/wp-json\/wp\/v2\/comments?post=2692"}],"version-history":[{"count":3,"href":"https:\/\/koschies.de\/en\/wp-json\/wp\/v2\/pages\/2692\/revisions"}],"predecessor-version":[{"id":3730,"href":"https:\/\/koschies.de\/en\/wp-json\/wp\/v2\/pages\/2692\/revisions\/3730"}],"up":[{"embeddable":true,"href":"https:\/\/koschies.de\/en\/wp-json\/wp\/v2\/pages\/2577"}],"wp:attachment":[{"href":"https:\/\/koschies.de\/en\/wp-json\/wp\/v2\/media?parent=2692"}],"curies":[{"name":"wp","href":"https:\/\/api.w.org\/{rel}","templated":true}]}}