{"id":2689,"date":"2022-04-25T20:21:06","date_gmt":"2022-04-25T18:21:06","guid":{"rendered":"https:\/\/koschies.de\/?page_id=2689"},"modified":"2025-10-08T19:58:44","modified_gmt":"2025-10-08T17:58:44","slug":"potsdam-journal-2011","status":"publish","type":"page","link":"https:\/\/koschies.de\/en\/press\/potsdam-journal-2011\/","title":{"rendered":"Potsdam Journal 2011"},"content":{"rendered":"<div class=\"wpb-content-wrapper\"><p>[vc_row full_width=&#8221;stretch_row&#8221; gap=&#8221;1&#8243; css=&#8221;.vc_custom_1759946307971{padding-top: 0px !important;padding-bottom: 0px !important;background-color: #383838 !important;}&#8221;][vc_column offset=&#8221;vc_col-lg-offset-0 vc_col-md-offset-0 vc_col-sm-offset-0&#8243; css=&#8221;.vc_custom_1590137977848{padding-top: 0px !important;padding-bottom: 0px !important;}&#8221;][vc_column_text css=&#8221;.vc_custom_1590329173237{margin-bottom: 0px !important;padding-top: 20px !important;padding-bottom: 20px !important;}&#8221;]<\/p>\n<h3 style=\"text-align: left;\"><span style=\"color: #ffffff;\">MEDIA<\/span><\/h3>\n<p>[\/vc_column_text][\/vc_column][\/vc_row][vc_row full_width=&#8221;stretch_row&#8221; gap=&#8221;1&#8243; bg_type=&#8221;image&#8221; parallax_style=&#8221;vcpb-default&#8221; bg_image_repeat=&#8221;no-repeat&#8221; css=&#8221;.vc_custom_1759946313538{padding-top: 0px !important;padding-bottom: 0px !important;background-color: #eaeaea !important;}&#8221;][vc_column css=&#8221;.vc_custom_1590137849040{padding-top: 0px !important;padding-bottom: 0px !important;}&#8221;][vc_column_text css=&#8221;.vc_custom_1590670015696{margin-bottom: 0px !important;padding-top: 20px !important;padding-bottom: 20px !important;}&#8221;]<\/p>\n<h3>THE HUMAN RACE<\/h3>\n<p>[\/vc_column_text][\/vc_column][\/vc_row][vc_row full_width=&#8221;stretch_row&#8221; gap=&#8221;1&#8243; bg_type=&#8221;image&#8221; parallax_style=&#8221;vcpb-default&#8221; bg_image_repeat=&#8221;no-repeat&#8221; css=&#8221;.vc_custom_1759946318833{padding-top: 20px !important;padding-bottom: 80px !important;background-color: #ffffff !important;}&#8221;][vc_column width=&#8221;2\/3&#8243; offset=&#8221;vc_col-lg-offset-3 vc_col-lg-7 vc_col-md-offset-2 vc_col-md-7 vc_col-sm-offset-2&#8243;][vc_column_text]<span style=\"color: #808080;\"><strong><span class=\"nli\">Potsdam Journal \/ Ausgabe Fr\u00fchjahr 2009<\/span><\/strong><\/span><\/p>\n<p>&nbsp;<\/p>\n<h2><span class=\"headl\">KOSCHIES \u2013 Fotoausstellung in der HFF<\/span><\/h2>\n<p>Eine Kamera, die nur das reproduziert, was sich schnell genug bewegt? Mit der Technik der Zeitfotografie erschaffene bildhafte Analogien zur Hochgeschwindigkeitsgesellschaft?<\/p>\n<p>Die Pr\u00e4sentation gro\u00dfformatiger Schwarz-\/Wei\u00dffotografien in der Potsdamer Hochschule f\u00fcr Film und Fernsehen ist eine absolute Premiere. Erstmals wird der \u00d6ffentlichkeit eine Auswahl aus dem Zyklus THE HUMAN RACE von KOSCHIES im Rahmen einer Einzelausstellung zug\u00e4nglich gemacht. Gezeigt werden Arbeiten aus den Jahren 1990 bis 2009.[\/vc_column_text][vc_single_image image=&#8221;1094&#8243; img_size=&#8221;full&#8221; css=&#8221;.vc_custom_1590670599541{margin-bottom: 0px !important;padding-bottom: 0px !important;}&#8221;][vc_column_text css=&#8221;.vc_custom_1590670613569{margin-top: 10px !important;padding-top: 0px !important;}&#8221;]<i>FAME (PART 2; Ausschnitt)<\/i>[\/vc_column_text][vc_column_text]Eine befremdliche Bildwelt erschlie\u00dft neue Perspektiven. Vor einem durch die Aufnahmetechnik anonymisierten Hintergrund tragen die dargestellten Menschen bei all ihrer Dynamik unwirkliche Z\u00fcge, sind scheinbar schwebende Protagonisten filmischer Inszenierungen. Eingefroren in der Einsamkeit von Zeit und Raum als wetteifernde Symboltr\u00e4ger einer sie verformenden gesellschaftlichen Realit\u00e4t. Ad\u00e4quat verformt auch fotografisch \u2013 nicht durch digitale Eingriffe, sondern durch die spezielle Funktionsweise einer analogen Schlitzkamera.<\/p>\n<p>Auf den meisten Aufnahmen dominiert der Raum; seine \u00dcbermacht relativiert die menschliche Gr\u00f6\u00dfe. Die Titel der Werke spiegeln die surreale Atmosph\u00e4re der Bildebene wider. Bedeutungen und Beziehungen werden gebrochen und in neue Zusammenh\u00e4nge gestellt. Klassische Themen werden dabei ebenso ber\u00fchrt wie Elemente der Popul\u00e4rkultur.[\/vc_column_text][vc_column_text]<em>KOSCHIES \u2013 THE HUMAN RACE vom 15.05.-15.06.2009 in der Hochschule f\u00fcr Film und Fernsehen (HFF) Marlene-Dietrich-Alle 11 \/ 14482 Potsdam-Babelsberg<\/em>[\/vc_column_text][vc_btn title=&#8221;NEXT &gt;&#8221; style=&#8221;outline-custom&#8221; outline_custom_color=&#8221;#666666&#8243; outline_custom_hover_background=&#8221;#666666&#8243; outline_custom_hover_text=&#8221;#ffffff&#8221; shape=&#8221;square&#8221; size=&#8221;sm&#8221; css=&#8221;.vc_custom_1650910864095{padding-top: 50px !important;padding-bottom: 30px !important;}&#8221; link=&#8221;url:%2Fen%2Fpress%2Fpnn-2009%2F&#8221;]<div class=\"ult-spacer spacer-69d44f9b69758\" data-id=\"69d44f9b69758\" data-height=\"150\" data-height-mobile=\"150\" data-height-tab=\"150\" data-height-tab-portrait=\"\" data-height-mobile-landscape=\"\" style=\"clear:both;display:block;\"><\/div>[\/vc_column][\/vc_row]<\/p>\n<\/div>","protected":false},"excerpt":{"rendered":"<p>[vc_row full_width=&#8221;stretch_row&#8221; gap=&#8221;1&#8243; css=&#8221;.vc_custom_1759946307971{padding-top: 0px !important;padding-bottom: 0px !important;background-color: #383838 !important;}&#8221;][vc_column offset=&#8221;vc_col-lg-offset-0 vc_col-md-offset-0 vc_col-sm-offset-0&#8243; css=&#8221;.vc_custom_1590137977848{padding-top: 0px !important;padding-bottom: 0px !important;}&#8221;][vc_column_text css=&#8221;.vc_custom_1590329173237{margin-bottom: 0px !important;padding-top: 20px !important;padding-bottom: 20px !important;}&#8221;] MEDIA [\/vc_column_text][\/vc_column][\/vc_row][vc_row full_width=&#8221;stretch_row&#8221; gap=&#8221;1&#8243; bg_type=&#8221;image&#8221; parallax_style=&#8221;vcpb-default&#8221; bg_image_repeat=&#8221;no-repeat&#8221; css=&#8221;.vc_custom_1759946313538{padding-top: 0px !important;padding-bottom: 0px !important;background-color: #eaeaea !important;}&#8221;][vc_column css=&#8221;.vc_custom_1590137849040{padding-top: 0px !important;padding-bottom: 0px !important;}&#8221;][vc_column_text css=&#8221;.vc_custom_1590670015696{margin-bottom: 0px !important;padding-top: 20px !important;padding-bottom: 20px !important;}&#8221;] THE HUMAN RACE [\/vc_column_text][\/vc_column][\/vc_row][vc_row&hellip;<\/p>\n","protected":false},"author":1,"featured_media":0,"parent":2577,"menu_order":0,"comment_status":"closed","ping_status":"closed","template":"","meta":{"footnotes":""},"class_list":["post-2689","page","type-page","status-publish","hentry","description-off"],"_links":{"self":[{"href":"https:\/\/koschies.de\/en\/wp-json\/wp\/v2\/pages\/2689","targetHints":{"allow":["GET"]}}],"collection":[{"href":"https:\/\/koschies.de\/en\/wp-json\/wp\/v2\/pages"}],"about":[{"href":"https:\/\/koschies.de\/en\/wp-json\/wp\/v2\/types\/page"}],"author":[{"embeddable":true,"href":"https:\/\/koschies.de\/en\/wp-json\/wp\/v2\/users\/1"}],"replies":[{"embeddable":true,"href":"https:\/\/koschies.de\/en\/wp-json\/wp\/v2\/comments?post=2689"}],"version-history":[{"count":3,"href":"https:\/\/koschies.de\/en\/wp-json\/wp\/v2\/pages\/2689\/revisions"}],"predecessor-version":[{"id":3729,"href":"https:\/\/koschies.de\/en\/wp-json\/wp\/v2\/pages\/2689\/revisions\/3729"}],"up":[{"embeddable":true,"href":"https:\/\/koschies.de\/en\/wp-json\/wp\/v2\/pages\/2577"}],"wp:attachment":[{"href":"https:\/\/koschies.de\/en\/wp-json\/wp\/v2\/media?parent=2689"}],"curies":[{"name":"wp","href":"https:\/\/api.w.org\/{rel}","templated":true}]}}