{"id":2686,"date":"2022-04-25T20:20:14","date_gmt":"2022-04-25T18:20:14","guid":{"rendered":"https:\/\/koschies.de\/?page_id=2686"},"modified":"2025-10-08T19:58:08","modified_gmt":"2025-10-08T17:58:08","slug":"hanau-post-2011","status":"publish","type":"page","link":"https:\/\/koschies.de\/en\/press\/hanau-post-2011\/","title":{"rendered":"Hanau Post 2011"},"content":{"rendered":"<div class=\"wpb-content-wrapper\"><p>[vc_row full_width=&#8221;stretch_row&#8221; gap=&#8221;1&#8243; css=&#8221;.vc_custom_1759946269354{padding-top: 0px !important;padding-bottom: 0px !important;background-color: #383838 !important;}&#8221;][vc_column offset=&#8221;vc_col-lg-offset-0 vc_col-md-offset-0 vc_col-sm-offset-0&#8243; css=&#8221;.vc_custom_1590137977848{padding-top: 0px !important;padding-bottom: 0px !important;}&#8221;][vc_column_text css=&#8221;.vc_custom_1590329173237{margin-bottom: 0px !important;padding-top: 20px !important;padding-bottom: 20px !important;}&#8221;]<\/p>\n<h3 style=\"text-align: left;\"><span style=\"color: #ffffff;\">MEDIA<\/span><\/h3>\n<p>[\/vc_column_text][\/vc_column][\/vc_row][vc_row full_width=&#8221;stretch_row&#8221; gap=&#8221;1&#8243; bg_type=&#8221;image&#8221; parallax_style=&#8221;vcpb-default&#8221; bg_image_repeat=&#8221;no-repeat&#8221; css=&#8221;.vc_custom_1759946275154{padding-top: 0px !important;padding-bottom: 0px !important;background-color: #eaeaea !important;}&#8221;][vc_column css=&#8221;.vc_custom_1590137849040{padding-top: 0px !important;padding-bottom: 0px !important;}&#8221;][vc_column_text css=&#8221;.vc_custom_1590670015696{margin-bottom: 0px !important;padding-top: 20px !important;padding-bottom: 20px !important;}&#8221;]<\/p>\n<h3>THE HUMAN RACE<\/h3>\n<p>[\/vc_column_text][\/vc_column][\/vc_row][vc_row full_width=&#8221;stretch_row&#8221; gap=&#8221;1&#8243; bg_type=&#8221;image&#8221; parallax_style=&#8221;vcpb-default&#8221; bg_image_repeat=&#8221;no-repeat&#8221; css=&#8221;.vc_custom_1759946282299{padding-top: 20px !important;padding-bottom: 80px !important;background-color: #ffffff !important;}&#8221;][vc_column width=&#8221;2\/3&#8243; offset=&#8221;vc_col-lg-offset-3 vc_col-lg-7 vc_col-md-offset-2 vc_col-md-7 vc_col-sm-offset-2&#8243;][vc_column_text]<span style=\"color: #808080;\"><strong>Hanau Post vom 14.11.2011<\/strong><\/span><span class=\"nli\"><br \/>\n<\/span><\/p>\n<p>&nbsp;<\/p>\n<h2>Zeit und Raum verschmelzen<\/h2>\n<p><strong>Galerie Fototreppe 42 zeigt mit \u201eThe Human Race\u201c au\u00dfergew\u00f6hnliche Technik<\/strong><\/p>\n<p>Von Dieter K\u00f6gel<\/p>\n<p>&nbsp;<\/p>\n<p>Grobk\u00f6rnig erscheinen die menschlichen Figuren auf den gro\u00dfformatigen Schwarz-wei\u00df-Fotografien von \u201eKoschies\u201c aus Potsdam. Und die Figuren sind immer in Bewegung, laufen, rennen, hetzen, jagen sich. Was sich nicht bewegt, was statisch ist, wird von der Schlitzkamera nicht erfasst und zerfranst zu diffusen Graufl\u00e4chen oder Streifen. Einem nicht zu definierenden Raum, in dem sich der Mensch bewegt. Bilder aus dem Zyklus \u201eThe Human Race\u201c des K\u00fcnstlerehepaares Axel und Birgit Koschies sind seit Samstag in der Galerie Fototreppe 42 von Jochen Stenger in der Taunusstra\u00dfe 56 zu sehen.[\/vc_column_text][vc_single_image image=&#8221;1702&#8243; img_size=&#8221;full&#8221; css=&#8221;.vc_custom_1593977070197{margin-bottom: 0px !important;padding-bottom: 0px !important;}&#8221;][vc_column_text css=&#8221;.vc_custom_1590670443657{margin-top: 10px !important;padding-top: 0px !important;}&#8221;]<i>Axel Koschies erl\u00e4utert bei der Vernissage zur Ausstellung \u201eThe Human Race\u201c die Technik der Schlitzfotografie, die Bewegungsabl\u00e4ufe einf\u00e4ngt. Foto: Dieter K\u00f6gel<\/i>[\/vc_column_text][vc_column_text]Die Galerie f\u00fcr zeitgen\u00f6ssische Schwarzwei\u00df-Fotografie offenbart eine ganz neue und seltene Facette. Denn Zeitabl\u00e4ufe werden durch die Aufnahmetechnik mit der in den 30er Jahren zun\u00e4chst f\u00fcr milit\u00e4rische Zwecke eingesetzte Technik der Schlitzkamera in Raum umgesetzt. Aus einem zeitlichen Nacheinander wird ein r\u00e4umliches Nebeneinander, so Hanaus Museumsleiter Richard Schaffer-Hartmann. Vier Sekunden Zeitablauf werden auf den rund zwei Meter breiten Fotos festgehalten. Ein fast unvorstellbarer Vorgang, den Axel und Birgit Koschies nicht m\u00fcde wurden zu erl\u00e4utern.<\/p>\n<p>Denn der Fotoapparat verf\u00fcgt statt \u00fcber einen normalen Verschluss \u00fcber einen haarfeinen Schlitz. Hinter diesem bewegt sich ein Rollfilm mit einer dem bewegten Objekt angepassten Geschwindigkeit vorbei und bildet eben nur das bewegte Objekt ab. Weichen die Geschwindigkeiten von Filmtransport und Objekt voneinander ab, kommt es zu Verzerrungen, Deformationen, optischen Irritationen.<\/p>\n<p>Jenseits der schwer zu vermittelnden Darstellung der vierten Dimension im Bild wirken die Arbeiten allerdings auch in anderer Hinsicht nachhaltig. Da die Kamera jedwede realen Bezugspunkte zur Umgebung ausblendet, dr\u00e4ngt sich dem Betrachter die Frage nach dem Grund f\u00fcr all die Hetze und Eile auf. Hetze und Eile in einem nahezu sterilen Raum, in einem Vakuum. \u201eNiemals zuvor waren so viele Menschen permanent einer derart hohen Lebensgeschwindigkeit und damit auch \u00dcberlebensgeschwindigkeit ausgesetzt. Wer sich nicht mit der gesellschaftlich vorgegebenen Geschwindigkeit bewegt, wird nicht mehr oder nur undeutlich wahrgenommen,\u201c hei\u00dft es in Koschies Erl\u00e4uterungen zu \u201eThe Human Race\u201c.<\/p>\n<p>Die Ausstellung dauert noch bis zum 11. Dezember, sie ist von 15 bis 18 Uhr ge\u00f6ffnet.[\/vc_column_text][vc_btn title=&#8221;NEXT &gt;&#8221; style=&#8221;outline-custom&#8221; outline_custom_color=&#8221;#666666&#8243; outline_custom_hover_background=&#8221;#666666&#8243; outline_custom_hover_text=&#8221;#ffffff&#8221; shape=&#8221;square&#8221; size=&#8221;sm&#8221; css=&#8221;.vc_custom_1650910811439{padding-top: 50px !important;padding-bottom: 30px !important;}&#8221; link=&#8221;url:%2Fen%2Fpress%2Fpotsdam-journal-2011%2F&#8221;]<div class=\"ult-spacer spacer-69d43fe32850b\" data-id=\"69d43fe32850b\" data-height=\"150\" data-height-mobile=\"150\" data-height-tab=\"150\" data-height-tab-portrait=\"\" data-height-mobile-landscape=\"\" style=\"clear:both;display:block;\"><\/div>[\/vc_column][\/vc_row]<\/p>\n<\/div>","protected":false},"excerpt":{"rendered":"<p>[vc_row full_width=&#8221;stretch_row&#8221; gap=&#8221;1&#8243; css=&#8221;.vc_custom_1759946269354{padding-top: 0px !important;padding-bottom: 0px !important;background-color: #383838 !important;}&#8221;][vc_column offset=&#8221;vc_col-lg-offset-0 vc_col-md-offset-0 vc_col-sm-offset-0&#8243; css=&#8221;.vc_custom_1590137977848{padding-top: 0px !important;padding-bottom: 0px !important;}&#8221;][vc_column_text css=&#8221;.vc_custom_1590329173237{margin-bottom: 0px !important;padding-top: 20px !important;padding-bottom: 20px !important;}&#8221;] MEDIA [\/vc_column_text][\/vc_column][\/vc_row][vc_row full_width=&#8221;stretch_row&#8221; gap=&#8221;1&#8243; bg_type=&#8221;image&#8221; parallax_style=&#8221;vcpb-default&#8221; bg_image_repeat=&#8221;no-repeat&#8221; css=&#8221;.vc_custom_1759946275154{padding-top: 0px !important;padding-bottom: 0px !important;background-color: #eaeaea !important;}&#8221;][vc_column css=&#8221;.vc_custom_1590137849040{padding-top: 0px !important;padding-bottom: 0px !important;}&#8221;][vc_column_text css=&#8221;.vc_custom_1590670015696{margin-bottom: 0px !important;padding-top: 20px !important;padding-bottom: 20px !important;}&#8221;] THE HUMAN RACE [\/vc_column_text][\/vc_column][\/vc_row][vc_row&hellip;<\/p>\n","protected":false},"author":1,"featured_media":0,"parent":2577,"menu_order":0,"comment_status":"closed","ping_status":"closed","template":"","meta":{"footnotes":""},"class_list":["post-2686","page","type-page","status-publish","hentry","description-off"],"_links":{"self":[{"href":"https:\/\/koschies.de\/en\/wp-json\/wp\/v2\/pages\/2686","targetHints":{"allow":["GET"]}}],"collection":[{"href":"https:\/\/koschies.de\/en\/wp-json\/wp\/v2\/pages"}],"about":[{"href":"https:\/\/koschies.de\/en\/wp-json\/wp\/v2\/types\/page"}],"author":[{"embeddable":true,"href":"https:\/\/koschies.de\/en\/wp-json\/wp\/v2\/users\/1"}],"replies":[{"embeddable":true,"href":"https:\/\/koschies.de\/en\/wp-json\/wp\/v2\/comments?post=2686"}],"version-history":[{"count":3,"href":"https:\/\/koschies.de\/en\/wp-json\/wp\/v2\/pages\/2686\/revisions"}],"predecessor-version":[{"id":3728,"href":"https:\/\/koschies.de\/en\/wp-json\/wp\/v2\/pages\/2686\/revisions\/3728"}],"up":[{"embeddable":true,"href":"https:\/\/koschies.de\/en\/wp-json\/wp\/v2\/pages\/2577"}],"wp:attachment":[{"href":"https:\/\/koschies.de\/en\/wp-json\/wp\/v2\/media?parent=2686"}],"curies":[{"name":"wp","href":"https:\/\/api.w.org\/{rel}","templated":true}]}}