{"id":2683,"date":"2022-04-25T20:19:01","date_gmt":"2022-04-25T18:19:01","guid":{"rendered":"https:\/\/koschies.de\/?page_id=2683"},"modified":"2025-10-08T19:57:23","modified_gmt":"2025-10-08T17:57:23","slug":"hanauer-anzeiger-2011","status":"publish","type":"page","link":"https:\/\/koschies.de\/en\/press\/hanauer-anzeiger-2011\/","title":{"rendered":"Hanauer Anzeiger 2011"},"content":{"rendered":"<div class=\"wpb-content-wrapper\"><p>[vc_row full_width=&#8221;stretch_row&#8221; gap=&#8221;1&#8243; css=&#8221;.vc_custom_1759946229171{padding-top: 0px !important;padding-bottom: 0px !important;background-color: #383838 !important;}&#8221;][vc_column offset=&#8221;vc_col-lg-offset-0 vc_col-md-offset-0 vc_col-sm-offset-0&#8243; css=&#8221;.vc_custom_1590137977848{padding-top: 0px !important;padding-bottom: 0px !important;}&#8221;][vc_column_text css=&#8221;.vc_custom_1590329173237{margin-bottom: 0px !important;padding-top: 20px !important;padding-bottom: 20px !important;}&#8221;]<\/p>\n<h3 style=\"text-align: left;\"><span style=\"color: #ffffff;\">MEDIA<\/span><\/h3>\n<p>[\/vc_column_text][\/vc_column][\/vc_row][vc_row full_width=&#8221;stretch_row&#8221; gap=&#8221;1&#8243; bg_type=&#8221;image&#8221; parallax_style=&#8221;vcpb-default&#8221; bg_image_repeat=&#8221;no-repeat&#8221; css=&#8221;.vc_custom_1759946234554{padding-top: 0px !important;padding-bottom: 0px !important;background-color: #eaeaea !important;}&#8221;][vc_column css=&#8221;.vc_custom_1590137849040{padding-top: 0px !important;padding-bottom: 0px !important;}&#8221;][vc_column_text css=&#8221;.vc_custom_1590670015696{margin-bottom: 0px !important;padding-top: 20px !important;padding-bottom: 20px !important;}&#8221;]<\/p>\n<h3>THE HUMAN RACE<\/h3>\n<p>[\/vc_column_text][\/vc_column][\/vc_row][vc_row full_width=&#8221;stretch_row&#8221; gap=&#8221;1&#8243; bg_type=&#8221;image&#8221; parallax_style=&#8221;vcpb-default&#8221; bg_image_repeat=&#8221;no-repeat&#8221; css=&#8221;.vc_custom_1759946239988{padding-top: 20px !important;padding-bottom: 80px !important;background-color: #f7f7f7 !important;}&#8221;][vc_column width=&#8221;2\/3&#8243; offset=&#8221;vc_col-lg-offset-3 vc_col-lg-7 vc_col-md-offset-2 vc_col-md-7 vc_col-sm-offset-2&#8243;][vc_column_text]<span style=\"color: #808080;\"><strong>Hanauer Anzeiger vom 26.11.2011<\/strong><\/span><\/p>\n<p>&nbsp;<\/p>\n<h2>Gro\u00dfformatige Fotos machen 4. Dimension sichtbar<\/h2>\n<p><strong>Lange Leinwandbahnen mit grobk\u00f6rnigen Schwarzwei\u00df-Bildern, aufgenommen mit einer Kamera, die eine Analogie zu unserer Gesellschaft darstellt \u2013 sie nimmt nur das wahr, was sich schnell genug bewegt.<\/strong><\/p>\n<p>Seit \u00fcber zwei Jahrzehnten arbeitet das Potsdamer K\u00fcnstlerpaar Koschies mit einer speziellen Schlitzkamera, welche die Zeit f\u00fcr das menschliche Auge sichtbar macht. Die jetzt in der Hanauer Galerie Fototreppe 42 zu sehenden Bildwelten erschlie\u00dfen faszinierende neue Perspektiven. Vor einem durch die Aufnahmetechnik anonymisierten Hintergrund tragen die dargestellten Menschen bei all ihrer Dynamik unwirkliche Z\u00fcge, sind scheinbar schwebende Helden kurzer filmischer Inszenierungen. Die Schatten haben keine Verbindung mehr zu den K\u00f6rpern; sie haben sich von ihnen gel\u00f6st, f\u00fchren ein Eigenleben oder kommen ihnen sogar aus verschiedenen Richtungen entgegen.[\/vc_column_text][vc_single_image image=&#8221;1082&#8243; img_size=&#8221;full&#8221; css=&#8221;.vc_custom_1590670081625{margin-bottom: 0px !important;padding-bottom: 0px !important;}&#8221;][vc_column_text]<i>Die K\u00fcnstlerin Birgit Koschies vor einer der langformatigen Fotografien<\/i>[\/vc_column_text][vc_column_text]Dies alles basiert nicht auf digitaler Manipulation, sondern auf Experimenten mit einer alten analogen Standkamera, die die Zeit nicht nur am oberen Bildrand fotografisch festh\u00e4lt. Die mit der Schlitzkamera aufgenommen Bilder und sind das exakte Gegenteil von Langzeitbelichtungen in der herk\u00f6mmlichen Fotografie. W\u00e4hrend \u201enormale\u201c Langzeitbelichtungen die Hintergr\u00fcnde statisch abbilden und alles sich Bewegende bis hin zur Unkenntlichkeit verschwinden lassen, erreichen Koschies durch die Technik der Zeitfotografie die Umkehrung dieses Ph\u00e4nomens: Nur was sich bewegt, ist zu erkennen. Alles Ruhende und Stagnierende l\u00f6st sich auf und ist h\u00f6chstens noch als Streifen oder Linie sichtbar.<\/p>\n<p>Die Bilder der Ausstellung beweisen aufs Eindr\u00fccklichste, dass man Zeit manchmal tats\u00e4chlich sehen kann. Selbst wenn man Menschen daf\u00fcr zur Raserei bringen muss&#8230;<\/p>\n<p>Die Fotografien sind in der Galerie Fototreppe 42 bis zum 11. Dezember an der Taunusstra\u00dfe 56 in Hanau-Gro\u00dfauheim zu besichtigen.[\/vc_column_text][vc_btn title=&#8221;NEXT &gt;&#8221; style=&#8221;outline-custom&#8221; outline_custom_color=&#8221;#666666&#8243; outline_custom_hover_background=&#8221;#666666&#8243; outline_custom_hover_text=&#8221;#ffffff&#8221; shape=&#8221;square&#8221; size=&#8221;sm&#8221; css=&#8221;.vc_custom_1650910738984{padding-top: 50px !important;padding-bottom: 30px !important;}&#8221; link=&#8221;url:%2Fen%2Fpress%2Fhanau-post-2011%2F&#8221;]<div class=\"ult-spacer spacer-69d443200eff9\" data-id=\"69d443200eff9\" data-height=\"150\" data-height-mobile=\"150\" data-height-tab=\"150\" data-height-tab-portrait=\"\" data-height-mobile-landscape=\"\" style=\"clear:both;display:block;\"><\/div>[\/vc_column][\/vc_row]<\/p>\n<\/div>","protected":false},"excerpt":{"rendered":"<p>[vc_row full_width=&#8221;stretch_row&#8221; gap=&#8221;1&#8243; css=&#8221;.vc_custom_1759946229171{padding-top: 0px !important;padding-bottom: 0px !important;background-color: #383838 !important;}&#8221;][vc_column offset=&#8221;vc_col-lg-offset-0 vc_col-md-offset-0 vc_col-sm-offset-0&#8243; css=&#8221;.vc_custom_1590137977848{padding-top: 0px !important;padding-bottom: 0px !important;}&#8221;][vc_column_text css=&#8221;.vc_custom_1590329173237{margin-bottom: 0px !important;padding-top: 20px !important;padding-bottom: 20px !important;}&#8221;] MEDIA [\/vc_column_text][\/vc_column][\/vc_row][vc_row full_width=&#8221;stretch_row&#8221; gap=&#8221;1&#8243; bg_type=&#8221;image&#8221; parallax_style=&#8221;vcpb-default&#8221; bg_image_repeat=&#8221;no-repeat&#8221; css=&#8221;.vc_custom_1759946234554{padding-top: 0px !important;padding-bottom: 0px !important;background-color: #eaeaea !important;}&#8221;][vc_column css=&#8221;.vc_custom_1590137849040{padding-top: 0px !important;padding-bottom: 0px !important;}&#8221;][vc_column_text css=&#8221;.vc_custom_1590670015696{margin-bottom: 0px !important;padding-top: 20px !important;padding-bottom: 20px !important;}&#8221;] THE HUMAN RACE [\/vc_column_text][\/vc_column][\/vc_row][vc_row&hellip;<\/p>\n","protected":false},"author":1,"featured_media":0,"parent":2577,"menu_order":0,"comment_status":"closed","ping_status":"closed","template":"","meta":{"footnotes":""},"class_list":["post-2683","page","type-page","status-publish","hentry","description-off"],"_links":{"self":[{"href":"https:\/\/koschies.de\/en\/wp-json\/wp\/v2\/pages\/2683","targetHints":{"allow":["GET"]}}],"collection":[{"href":"https:\/\/koschies.de\/en\/wp-json\/wp\/v2\/pages"}],"about":[{"href":"https:\/\/koschies.de\/en\/wp-json\/wp\/v2\/types\/page"}],"author":[{"embeddable":true,"href":"https:\/\/koschies.de\/en\/wp-json\/wp\/v2\/users\/1"}],"replies":[{"embeddable":true,"href":"https:\/\/koschies.de\/en\/wp-json\/wp\/v2\/comments?post=2683"}],"version-history":[{"count":3,"href":"https:\/\/koschies.de\/en\/wp-json\/wp\/v2\/pages\/2683\/revisions"}],"predecessor-version":[{"id":3727,"href":"https:\/\/koschies.de\/en\/wp-json\/wp\/v2\/pages\/2683\/revisions\/3727"}],"up":[{"embeddable":true,"href":"https:\/\/koschies.de\/en\/wp-json\/wp\/v2\/pages\/2577"}],"wp:attachment":[{"href":"https:\/\/koschies.de\/en\/wp-json\/wp\/v2\/media?parent=2683"}],"curies":[{"name":"wp","href":"https:\/\/api.w.org\/{rel}","templated":true}]}}