{"id":2680,"date":"2022-04-25T20:18:07","date_gmt":"2022-04-25T18:18:07","guid":{"rendered":"https:\/\/koschies.de\/?page_id=2680"},"modified":"2025-10-08T19:56:40","modified_gmt":"2025-10-08T17:56:40","slug":"rbb-kulturradio-2011","status":"publish","type":"page","link":"https:\/\/koschies.de\/en\/press\/rbb-kulturradio-2011\/","title":{"rendered":"rbb Kulturradio 2011"},"content":{"rendered":"<div class=\"wpb-content-wrapper\"><p>[vc_row full_width=&#8221;stretch_row&#8221; gap=&#8221;1&#8243; css=&#8221;.vc_custom_1759946181871{padding-top: 0px !important;padding-bottom: 0px !important;background-color: #383838 !important;}&#8221;][vc_column offset=&#8221;vc_col-lg-offset-0 vc_col-md-offset-0 vc_col-sm-offset-0&#8243; css=&#8221;.vc_custom_1590137977848{padding-top: 0px !important;padding-bottom: 0px !important;}&#8221;][vc_column_text css=&#8221;.vc_custom_1590329173237{margin-bottom: 0px !important;padding-top: 20px !important;padding-bottom: 20px !important;}&#8221;]<\/p>\n<h3 style=\"text-align: left;\"><span style=\"color: #ffffff;\">MEDIA<\/span><\/h3>\n<p>[\/vc_column_text][\/vc_column][\/vc_row][vc_row full_width=&#8221;stretch_row&#8221; gap=&#8221;1&#8243; bg_type=&#8221;image&#8221; parallax_style=&#8221;vcpb-default&#8221; bg_image_repeat=&#8221;no-repeat&#8221; css=&#8221;.vc_custom_1759946187382{padding-top: 0px !important;padding-bottom: 0px !important;background-color: #eaeaea !important;}&#8221;][vc_column css=&#8221;.vc_custom_1590137849040{padding-top: 0px !important;padding-bottom: 0px !important;}&#8221;][vc_column_text css=&#8221;.vc_custom_1590664365861{margin-bottom: 0px !important;padding-top: 20px !important;padding-bottom: 20px !important;}&#8221;]<\/p>\n<h3>RUNNING DIRECTION<\/h3>\n<p>[\/vc_column_text][\/vc_column][\/vc_row][vc_row full_width=&#8221;stretch_row&#8221; gap=&#8221;1&#8243; bg_type=&#8221;image&#8221; parallax_style=&#8221;vcpb-default&#8221; bg_image_repeat=&#8221;no-repeat&#8221; css=&#8221;.vc_custom_1759946195281{padding-top: 20px !important;padding-bottom: 80px !important;background-color: #f7f7f7 !important;}&#8221;][vc_column width=&#8221;2\/3&#8243; offset=&#8221;vc_col-lg-offset-3 vc_col-lg-7 vc_col-md-offset-2 vc_col-md-7 vc_col-sm-offset-2&#8243;][vc_column_text]<span style=\"color: #808080;\"><strong>rbb Kulturradio online \/ 22.10.2011<\/strong><\/span><\/p>\n<p>&nbsp;<\/p>\n<h2>Running Direction<\/h2>\n<p><strong>Vierzehn Filmregisseure an der Schnittstelle zwischen Fotografie und Film<\/strong><\/p>\n<p><span class=\"nli\">Filmregisseure haben ihre Position hinter der Kamera verlassen und sind als sich bewegende Akteure in den Fokus ger\u00fcckt \u2013 aufgenommen mit einer speziellen Schlitzkamera auf r\u00e4umlichen Abbildern der vierten Dimension.<\/span><\/p>\n<p>Die Ausstellung in der Potsdamer Galerie Sperl pr\u00e4sentiert die Zeitl\u00e4ufe von J\u00fcrgen B\u00f6ttcher \/ Strawalde, Andreas Dresen, Dennis Gansel, Andreas Kannengie\u00dfer, Michael Klier, Dani Levy, Franziska Meletzky, Christian Petzold, Yasemin <a style=\"font-size: 9pt; font-weight: normal; font-family: verdana; text-decoration: none; color: #999999; margin: auto;\" title=\"FUTUR 1 (Yasemin \u015eamdereli), 2011&lt;br&gt;100 x 50 cm&lt;br&gt;&lt;br&gt;\" href=\"http:\/\/koschies.de\/images\/koschies_futur1.jpg\" rel=\"lightbox[RUNNING DIRECTION]\">\u015e<\/a>amdereli, Pola Schirin Beck, Volker Schl\u00f6ndorff, Hannes St\u00f6hr, Christian Schwochow und Robert Thalheim.<\/p>\n<p><span class=\"nli\">Im Gegensatz zum herk\u00f6mmlichen Film, der pro Sekunde f\u00fcnfundzwanzig Einzelbilder aufnimmt, h\u00e4lt die Spezialkamera des K\u00fcnstlerpaares KOSCHIES ganze Bewegungsabl\u00e4ufe auf einem einzigen, zumeist langformatigen Bild fest und macht sie f\u00fcr das menschliche Auge sichtbar.<\/span><\/p>\n<p>Unser Verstand will die Szenen mit den Regisseuren allerdings als dreidimensionalen Raum sehen statt als Zeitr\u00e4ume, die sie tats\u00e4chlich sind. Wir nehmen die horizontale Ebene nicht als eine Zeitachse wahr, sondern wie einen \u00e4sthetischen Formverlauf, manchmal klar, manchmal verwirrend und oft faszinierend. Unser normales Gef\u00fchl f\u00fcr Proportionen und Bewegung wird dabei in Frage gestellt und unsere Wahrnehmung herausgefordert.<\/p>\n<p>Wie man an den Exponaten der Ausstellung \u201eRunning Direction\u201c sieht, k\u00f6nnen k\u00fcnstlerische Darstellungen von Bewegungen im Lauf der Zeit \u00fcberraschend ausdrucksstarke Ergebnisse ergeben. Eindrucksvoll verfremdet durch den Einfluss der Zeit selbst. Ber\u00fcckend in ihrer Dynamik, Surrealit\u00e4t und Poesie.[\/vc_column_text][vc_btn title=&#8221;NEXT &gt;&#8221; style=&#8221;outline-custom&#8221; outline_custom_color=&#8221;#666666&#8243; outline_custom_hover_background=&#8221;#666666&#8243; outline_custom_hover_text=&#8221;#ffffff&#8221; shape=&#8221;square&#8221; size=&#8221;sm&#8221; css=&#8221;.vc_custom_1650910685255{padding-top: 50px !important;padding-bottom: 30px !important;}&#8221; link=&#8221;url:%2Fen%2Fpress%2Fhanauer-anzeiger-2011%2F&#8221;]<div class=\"ult-spacer spacer-69e162f438e6d\" data-id=\"69e162f438e6d\" data-height=\"150\" data-height-mobile=\"150\" data-height-tab=\"150\" data-height-tab-portrait=\"\" data-height-mobile-landscape=\"\" style=\"clear:both;display:block;\"><\/div>[\/vc_column][\/vc_row]<\/p>\n<\/div>","protected":false},"excerpt":{"rendered":"<p>[vc_row full_width=&#8221;stretch_row&#8221; gap=&#8221;1&#8243; css=&#8221;.vc_custom_1759946181871{padding-top: 0px !important;padding-bottom: 0px !important;background-color: #383838 !important;}&#8221;][vc_column offset=&#8221;vc_col-lg-offset-0 vc_col-md-offset-0 vc_col-sm-offset-0&#8243; css=&#8221;.vc_custom_1590137977848{padding-top: 0px !important;padding-bottom: 0px !important;}&#8221;][vc_column_text css=&#8221;.vc_custom_1590329173237{margin-bottom: 0px !important;padding-top: 20px !important;padding-bottom: 20px !important;}&#8221;] MEDIA [\/vc_column_text][\/vc_column][\/vc_row][vc_row full_width=&#8221;stretch_row&#8221; gap=&#8221;1&#8243; bg_type=&#8221;image&#8221; parallax_style=&#8221;vcpb-default&#8221; bg_image_repeat=&#8221;no-repeat&#8221; css=&#8221;.vc_custom_1759946187382{padding-top: 0px !important;padding-bottom: 0px !important;background-color: #eaeaea !important;}&#8221;][vc_column css=&#8221;.vc_custom_1590137849040{padding-top: 0px !important;padding-bottom: 0px !important;}&#8221;][vc_column_text css=&#8221;.vc_custom_1590664365861{margin-bottom: 0px !important;padding-top: 20px !important;padding-bottom: 20px !important;}&#8221;] RUNNING DIRECTION [\/vc_column_text][\/vc_column][\/vc_row][vc_row full_width=&#8221;stretch_row&#8221;&hellip;<\/p>\n","protected":false},"author":1,"featured_media":0,"parent":2577,"menu_order":0,"comment_status":"closed","ping_status":"closed","template":"","meta":{"footnotes":""},"class_list":["post-2680","page","type-page","status-publish","hentry","description-off"],"_links":{"self":[{"href":"https:\/\/koschies.de\/en\/wp-json\/wp\/v2\/pages\/2680","targetHints":{"allow":["GET"]}}],"collection":[{"href":"https:\/\/koschies.de\/en\/wp-json\/wp\/v2\/pages"}],"about":[{"href":"https:\/\/koschies.de\/en\/wp-json\/wp\/v2\/types\/page"}],"author":[{"embeddable":true,"href":"https:\/\/koschies.de\/en\/wp-json\/wp\/v2\/users\/1"}],"replies":[{"embeddable":true,"href":"https:\/\/koschies.de\/en\/wp-json\/wp\/v2\/comments?post=2680"}],"version-history":[{"count":3,"href":"https:\/\/koschies.de\/en\/wp-json\/wp\/v2\/pages\/2680\/revisions"}],"predecessor-version":[{"id":3726,"href":"https:\/\/koschies.de\/en\/wp-json\/wp\/v2\/pages\/2680\/revisions\/3726"}],"up":[{"embeddable":true,"href":"https:\/\/koschies.de\/en\/wp-json\/wp\/v2\/pages\/2577"}],"wp:attachment":[{"href":"https:\/\/koschies.de\/en\/wp-json\/wp\/v2\/media?parent=2680"}],"curies":[{"name":"wp","href":"https:\/\/api.w.org\/{rel}","templated":true}]}}