{"id":2670,"date":"2022-04-25T20:14:42","date_gmt":"2022-04-25T18:14:42","guid":{"rendered":"https:\/\/koschies.de\/?page_id=2670"},"modified":"2025-10-08T19:54:04","modified_gmt":"2025-10-08T17:54:04","slug":"sueddeutsche-2011","status":"publish","type":"page","link":"https:\/\/koschies.de\/en\/press\/sueddeutsche-2011\/","title":{"rendered":"s\u00fcddeutsche 2011"},"content":{"rendered":"<div class=\"wpb-content-wrapper\"><p>[vc_row full_width=&#8221;stretch_row&#8221; gap=&#8221;1&#8243; css=&#8221;.vc_custom_1759946030253{padding-top: 0px !important;padding-bottom: 0px !important;background-color: #383838 !important;}&#8221;][vc_column offset=&#8221;vc_col-lg-offset-0 vc_col-md-offset-0 vc_col-sm-offset-0&#8243; css=&#8221;.vc_custom_1590137977848{padding-top: 0px !important;padding-bottom: 0px !important;}&#8221;][vc_column_text css=&#8221;.vc_custom_1590329173237{margin-bottom: 0px !important;padding-top: 20px !important;padding-bottom: 20px !important;}&#8221;]<\/p>\n<h3 style=\"text-align: left;\"><span style=\"color: #ffffff;\">MEDIA<\/span><\/h3>\n<p>[\/vc_column_text][\/vc_column][\/vc_row][vc_row full_width=&#8221;stretch_row&#8221; gap=&#8221;1&#8243; bg_type=&#8221;image&#8221; parallax_style=&#8221;vcpb-default&#8221; bg_image_repeat=&#8221;no-repeat&#8221; css=&#8221;.vc_custom_1759946035682{padding-top: 0px !important;padding-bottom: 0px !important;background-color: #eaeaea !important;}&#8221;][vc_column css=&#8221;.vc_custom_1590137849040{padding-top: 0px !important;padding-bottom: 0px !important;}&#8221;][vc_column_text css=&#8221;.vc_custom_1590664365861{margin-bottom: 0px !important;padding-top: 20px !important;padding-bottom: 20px !important;}&#8221;]<\/p>\n<h3>RUNNING DIRECTION<\/h3>\n<p>[\/vc_column_text][\/vc_column][\/vc_row][vc_row full_width=&#8221;stretch_row&#8221; gap=&#8221;1&#8243; bg_type=&#8221;image&#8221; parallax_style=&#8221;vcpb-default&#8221; bg_image_repeat=&#8221;no-repeat&#8221; css=&#8221;.vc_custom_1759946041020{padding-top: 20px !important;padding-bottom: 80px !important;background-color: #f7f7f7 !important;}&#8221;][vc_column width=&#8221;2\/3&#8243; offset=&#8221;vc_col-lg-offset-3 vc_col-lg-7 vc_col-md-offset-2 vc_col-md-7 vc_col-sm-offset-2&#8243;][vc_column_text]<span style=\"color: #808080;\"><strong>S\u00fcddeutsche Zeitung vom 15.11.2011<\/strong><\/span><\/p>\n<p>&nbsp;<\/p>\n<h2>Wer zu schnell ist, wird gestaucht<\/h2>\n<p><strong>&#8216;Running Direction&#8217; \u2013 ein Potsdamer Fotoexperiment mit Schl\u00f6ndorff, Petzold und anderen deutschen Regisseuren<\/strong><\/p>\n<p>Volker Schl\u00f6ndorff brachte die Blechtrommel mit \u2013 die kleine Trommel, die David Bennent geschlagen hatte, im Jahr 1979, als Schl\u00f6ndorff den Roman von G\u00fcnter Grass verfilmte und daf\u00fcr dann mit einem Oscar ausgezeichnet wurde. Nun sollte er sich in Potsdam mit der Trommel selbst vor eine au\u00dfergew\u00f6hnliche Kamera stellen f\u00fcr ein einmaliges Projekt, &#8216;Running Direction \u2013 Regisseure im Zeitraum&#8217;. Vierzehn deutsche Regisseure lie\u00dfen sich vom K\u00fcnstlerpaar Axel und Birgit Koschies aufnehmen.<\/p>\n<p>Das poetische Bild, das dabei herauskam, ist kein Computereffekt, ihm liegt keine Spielerei zugrunde. Es ist entstanden, als die Koschies mit den Regisseuren vor ihrer Schlitzkamera versuchten, die vierte Dimension auf einem einzigen Bild einzufrieren. Die oft surrealen, gro\u00dffl\u00e4chigen Bilder von der eingefangenen Zeit werden gerade in der Galerie Sperl im Potsdamer Nikolaisaal gezeigt. Neben Schl\u00f6ndorff kamen auch Dani Levy, Christian Petzold, Michael Klier, Yasemin \u015eamdereli, J\u00fcrgen B\u00f6ttcher \/ Strawalde und lieferten sich der schwer berechenbaren Kamera aus, die im Ergebnis zun\u00e4chst mal alles Langsame verl\u00e4ngert und nachdr\u00fccklicher zeigt, und alles Schnelle staucht und komprimiert. Wer allzu schnell ist, hinterl\u00e4sst kaum Spuren: je schneller, desto kleiner.<\/p>\n<p>In der Kamera l\u00e4uft der Film ganz langsam hinter dem Objektiv vorbei, ohne anzuhalten. Der Schlitz bleibt, anders als bei anderen Kameras, st\u00e4ndig offen. Was nun lange vor dem schmalen Schlitz bleibt, wird auf dem Bild gezogen und breit.<\/p>\n<p>Die so entstandenen Zeit-Raum-Variationen erz\u00e4hlen Geschichten \u00fcber jeden der 14 Regisseure &#8211; man k\u00f6nnte denken, dass sie zum Vorschein bringen, was sonst nicht zu sehen ist. Einige der Drucke wirken wie markante biographische Skizzen. Andreas Dresen, dessen neuer Film, das Krebsdrama &#8216;Halt auf freier Strecke&#8217;, diese Woche ins Kino kommt, blieb nur wenige Sekunden vor dem Schlitz. Dresen lachte viel, er zog sich f\u00fcr ein Bild aus. Auf den entstandenen Drucken springt er wie ein Kobold, der schonungslos und in aller Ausf\u00fchrlichkeit die ganz normalen Extreme alles Menschlichen offenlegt.[\/vc_column_text][vc_single_image image=&#8221;155&#8243; img_size=&#8221;full&#8221; css=&#8221;.vc_custom_1590664801050{margin-bottom: 0px !important;padding-bottom: 0px !important;}&#8221;][vc_column_text css=&#8221;.vc_custom_1590668291468{margin-top: 10px !important;padding-top: 0px !important;}&#8221;]<i>Volker Schl\u00f6ndorff spielt mit seiner Blechtrommel und das K\u00fcnstlerpaar Koschies bannt seine Bewegung in ein fotografisches Bild. Foto: Koschies<\/i>[\/vc_column_text][vc_column_text]Bei Schl\u00f6ndorff wurde die Inszenierung einige Dutzend mal neu versucht &#8211; er selber tat allerdings nicht viel dazu. Mal stand er, dann ging er. Die Trommel wurde ihm ins Bild gereicht, oder \u2013 f\u00fcr ein anderes Motiv \u2013 hinter ihm hergerollt, das sieht nun aus, als w\u00fcrde die Trommel den Filmemacher verfolgen. In einem anderen Druck ergibt sich eine gr\u00f6\u00dfere Erz\u00e4hlung: Die Blechtrommel verformt sich in Schl\u00f6ndorffs Hand, die sich nahezu endlos in die L\u00e4nge zieht. Am Ende des Weges ist die Trommel gro\u00df zu erkennen und scheint noch \u00fcber das Bild hinauszureichen. Es k\u00f6nnte &#8216;Lebensweg&#8217; hei\u00dfen, Axel und Birgit Koschies haben es &#8216;The Gift&#8217; genannt.<\/p>\n<p><em>Jens Schneider<\/em>[\/vc_column_text][vc_btn title=&#8221;NEXT &gt;&#8221; style=&#8221;outline-custom&#8221; outline_custom_color=&#8221;#666666&#8243; outline_custom_hover_background=&#8221;#666666&#8243; outline_custom_hover_text=&#8221;#ffffff&#8221; shape=&#8221;square&#8221; size=&#8221;sm&#8221; css=&#8221;.vc_custom_1650910480122{padding-top: 50px !important;padding-bottom: 30px !important;}&#8221; link=&#8221;url:%2Fen%2Fpress%2Fmaz-2011%2F&#8221;]<div class=\"ult-spacer spacer-69e19ac8106ef\" data-id=\"69e19ac8106ef\" data-height=\"150\" data-height-mobile=\"150\" data-height-tab=\"150\" data-height-tab-portrait=\"\" data-height-mobile-landscape=\"\" style=\"clear:both;display:block;\"><\/div>[\/vc_column][\/vc_row]<\/p>\n<\/div>","protected":false},"excerpt":{"rendered":"<p>[vc_row full_width=&#8221;stretch_row&#8221; gap=&#8221;1&#8243; css=&#8221;.vc_custom_1759946030253{padding-top: 0px !important;padding-bottom: 0px !important;background-color: #383838 !important;}&#8221;][vc_column offset=&#8221;vc_col-lg-offset-0 vc_col-md-offset-0 vc_col-sm-offset-0&#8243; css=&#8221;.vc_custom_1590137977848{padding-top: 0px !important;padding-bottom: 0px !important;}&#8221;][vc_column_text css=&#8221;.vc_custom_1590329173237{margin-bottom: 0px !important;padding-top: 20px !important;padding-bottom: 20px !important;}&#8221;] MEDIA [\/vc_column_text][\/vc_column][\/vc_row][vc_row full_width=&#8221;stretch_row&#8221; gap=&#8221;1&#8243; bg_type=&#8221;image&#8221; parallax_style=&#8221;vcpb-default&#8221; bg_image_repeat=&#8221;no-repeat&#8221; css=&#8221;.vc_custom_1759946035682{padding-top: 0px !important;padding-bottom: 0px !important;background-color: #eaeaea !important;}&#8221;][vc_column css=&#8221;.vc_custom_1590137849040{padding-top: 0px !important;padding-bottom: 0px !important;}&#8221;][vc_column_text css=&#8221;.vc_custom_1590664365861{margin-bottom: 0px !important;padding-top: 20px !important;padding-bottom: 20px !important;}&#8221;] RUNNING DIRECTION [\/vc_column_text][\/vc_column][\/vc_row][vc_row full_width=&#8221;stretch_row&#8221;&hellip;<\/p>\n","protected":false},"author":1,"featured_media":0,"parent":2577,"menu_order":0,"comment_status":"closed","ping_status":"closed","template":"","meta":{"footnotes":""},"class_list":["post-2670","page","type-page","status-publish","hentry","description-off"],"_links":{"self":[{"href":"https:\/\/koschies.de\/en\/wp-json\/wp\/v2\/pages\/2670","targetHints":{"allow":["GET"]}}],"collection":[{"href":"https:\/\/koschies.de\/en\/wp-json\/wp\/v2\/pages"}],"about":[{"href":"https:\/\/koschies.de\/en\/wp-json\/wp\/v2\/types\/page"}],"author":[{"embeddable":true,"href":"https:\/\/koschies.de\/en\/wp-json\/wp\/v2\/users\/1"}],"replies":[{"embeddable":true,"href":"https:\/\/koschies.de\/en\/wp-json\/wp\/v2\/comments?post=2670"}],"version-history":[{"count":4,"href":"https:\/\/koschies.de\/en\/wp-json\/wp\/v2\/pages\/2670\/revisions"}],"predecessor-version":[{"id":3722,"href":"https:\/\/koschies.de\/en\/wp-json\/wp\/v2\/pages\/2670\/revisions\/3722"}],"up":[{"embeddable":true,"href":"https:\/\/koschies.de\/en\/wp-json\/wp\/v2\/pages\/2577"}],"wp:attachment":[{"href":"https:\/\/koschies.de\/en\/wp-json\/wp\/v2\/media?parent=2670"}],"curies":[{"name":"wp","href":"https:\/\/api.w.org\/{rel}","templated":true}]}}