{"id":2657,"date":"2022-04-25T20:08:58","date_gmt":"2022-04-25T18:08:58","guid":{"rendered":"https:\/\/koschies.de\/?page_id=2657"},"modified":"2025-10-08T19:50:24","modified_gmt":"2025-10-08T17:50:24","slug":"maz-2015","status":"publish","type":"page","link":"https:\/\/koschies.de\/en\/press\/maz-2015\/","title":{"rendered":"MAZ 2015"},"content":{"rendered":"<div class=\"wpb-content-wrapper\"><p>[vc_row full_width=&#8221;stretch_row&#8221; gap=&#8221;1&#8243; css=&#8221;.vc_custom_1759945809016{padding-top: 0px !important;padding-bottom: 0px !important;background-color: #383838 !important;}&#8221;][vc_column offset=&#8221;vc_col-lg-offset-0 vc_col-md-offset-0 vc_col-sm-offset-0&#8243; css=&#8221;.vc_custom_1590137977848{padding-top: 0px !important;padding-bottom: 0px !important;}&#8221;][vc_column_text css=&#8221;.vc_custom_1590329173237{margin-bottom: 0px !important;padding-top: 20px !important;padding-bottom: 20px !important;}&#8221;]<\/p>\n<h3 style=\"text-align: left;\"><span style=\"color: #ffffff;\">MEDIA<\/span><\/h3>\n<p>[\/vc_column_text][\/vc_column][\/vc_row][vc_row full_width=&#8221;stretch_row&#8221; gap=&#8221;1&#8243; bg_type=&#8221;image&#8221; parallax_style=&#8221;vcpb-default&#8221; bg_image_repeat=&#8221;no-repeat&#8221; css=&#8221;.vc_custom_1759945814666{padding-top: 0px !important;padding-bottom: 0px !important;background-color: #eaeaea !important;}&#8221;][vc_column css=&#8221;.vc_custom_1590137849040{padding-top: 0px !important;padding-bottom: 0px !important;}&#8221;][vc_column_text css=&#8221;.vc_custom_1590654371764{margin-bottom: 0px !important;padding-top: 20px !important;padding-bottom: 20px !important;}&#8221;]<\/p>\n<h3>MIRAKEL \u2013 BILDER AUS DER VIERTEN DIMENSION<\/h3>\n<p>[\/vc_column_text][\/vc_column][\/vc_row][vc_row full_width=&#8221;stretch_row&#8221; gap=&#8221;1&#8243; bg_type=&#8221;image&#8221; parallax_style=&#8221;vcpb-default&#8221; bg_image_repeat=&#8221;no-repeat&#8221; css=&#8221;.vc_custom_1759945820631{padding-top: 20px !important;padding-bottom: 80px !important;}&#8221;][vc_column width=&#8221;2\/3&#8243; offset=&#8221;vc_col-lg-offset-3 vc_col-lg-7 vc_col-md-offset-2 vc_col-md-7 vc_col-sm-offset-2&#8243;][vc_column_text]<span style=\"color: #808080;\"><strong>M\u00e4rkische Allgemeine Zeitung (MAZ) vom 14.10.2015<\/strong><\/span><\/p>\n<p>&nbsp;<\/p>\n<h2>Bilder aus einer anderen Dimension<\/h2>\n<p><strong><span class=\"nli\">Das Potsdamer K\u00fcnstlerpaar Koschies fotografiert auf eine ganz au\u00dfergew\u00f6hnliche Weise: mit einer Schlitzkamera. Diese Technik erm\u00f6glicht es ihnen, Bilder voller Dynamik und Verzerrung zu erschaffen. In der Galerie Kunst-Kontor in Potsdam ist eine Auswahl der Werke aus einem Vierteljahrhundert noch bis Ende Oktober ausgestellt.<\/span><\/strong>[\/vc_column_text][vc_single_image image=&#8221;1022&#8243; img_size=&#8221;full&#8221; css=&#8221;.vc_custom_1590658869879{margin-bottom: 0px !important;padding-bottom: 0px !important;}&#8221;][vc_column_text css=&#8221;.vc_custom_1590658726905{margin-top: 10px !important;padding-top: 0px !important;}&#8221;]<em>Koschies, \u201eBurning Life\u201c von 2011<\/em>[\/vc_column_text][vc_column_text]<strong>Potsdam<\/strong><b>.<\/b> Foto ist nicht gleich Foto. Manchmal ist ein Foto auch ein Wunder. Zum Beispiel, wenn es eine vierte Dimension erschafft \u2013 eine, die man mit blo\u00dfem Auge gar nicht erkennen kann. Das K\u00fcnstlerpaar Koschies erzeugt mit einer Schlitzkamera genau solche Wunder. Einige davon sind in der aktuellen Ausstellung \u201eMirakel \u2013 25 Jahre Koschies\u201c in der Galerie Kunst-Kontor in Potsdam zu sehen.<\/p>\n<p><span class=\"nli\">Mit einer analogen Schlitzkamera hat im Jahr 1990 alles angefangen. Das Besondere an sogenannten Schlitzfotos ist, dass sie nicht zu einem Zeitpunkt, sondern \u00fcber einen l\u00e4ngeren Zeitraum hinweg aufgenommen werden. Menschen oder Objekte bewegen sich vor einem haarfeinen Schlitz, der permanent belichtet wird, w\u00e4hrend sich der Film in der Kamera weiterdreht. Dadurch entstehen vierdimensionale Bilder voller Dynamik und Verzerrung.<\/span><\/p>\n<p>Koschies zeigen auf ihren Fotos nicht den Raum, sondern die Zeit. Daher bewegen sie sich irgendwo zwischen Film und Fotografie. \u201eDas zeitliche Nacheinander wird im Bild ein r\u00e4umliches Nebeneinander\u201c, sagt Birgit Koschies. Was w\u00e4hrend der Aufnahme innerhalb von drei Sekunden passiert, zeigt das entwickelte Bild am Ende, von links nach rechts gelesen, nacheinander. Die Beine der Figuren schweben \u00fcber dem Boden, die K\u00f6rper sind gestreckt. \u201eAlles, was schneller als der Film ist, wird zusammengestaucht. Ist es langsamer oder steht, wird es zu einem langgezogenen Streifen\u201c, erkl\u00e4rt Axel Koschies.[\/vc_column_text][vc_single_image image=&#8221;338&#8243; img_size=&#8221;full&#8221; css=&#8221;.vc_custom_1590658883674{margin-bottom: 0px !important;padding-bottom: 0px !important;}&#8221;][vc_column_text css=&#8221;.vc_custom_1590658758529{margin-top: 10px !important;padding-top: 0px !important;}&#8221;]<em>Koschies, \u201eAugenlicht\u201c von 2015<\/em>[\/vc_column_text][vc_column_text]Seit 2011 benutzt das K\u00fcnstlerpaar aus Potsdam zus\u00e4tzlich eine digitale Schlitzkamera, die farbige Aufnahmen zul\u00e4sst. Die Farbe kommt besonders auf den j\u00fcngsten Bewegungsstudien der Koschies zur Geltung. Seit diesem Jahr wagen sie sich an die Natur und an Portr\u00e4ts. In \u201eAugenlicht\u201c etwa h\u00e4lt die Kamera die Bewegung eines Astes und seiner Bl\u00e4tter fest. Die Dynamik wirkt durch das satte Gr\u00fcn eindrucksvoll. \u201eF\u00fcr unsere Aufnahmen brauchen wir immer Bewegung, in diese Fall Wind \u2013 oder besser gesagt Sturm\u201c, sagt Axel Koschies. Ein einziges Bild erfordert hohen Aufwand. 50 Bilder produzieren die K\u00fcnstler pro Motiv f\u00fcr die Tonne. Vor allem auch, weil man bei der Aufnahme nicht kontrollieren kann, was fotografiert wird. Zudem sind alle Bilder inszeniert und nicht immer laufen die \u201eOpfer\u201c, wie Axel Koschies die Portr\u00e4tierten nennt, schnell oder langsam genug durch das Bild.<\/p>\n<p><em>Luise Fr\u00f6hlich<\/em>[\/vc_column_text][vc_column_text]<em>Info: Die Ausstellung \u201eMirakel \u2013 25 Jahre Koschies, Bilder aus der 4. Dimension\u201c ist noch bis zum 31. Oktober in der Galerie Kunst-Kontor, Bertinistra\u00dfe 16b in Potsdam zu sehen. Ge\u00f6ffnet ist am Dienstag und Mittwoch von 15 bis 19 Uhr, am Donnerstag von 15 bis 20 Uhr und am Samstag von 13 bis 18 Uhr.<\/em>[\/vc_column_text][vc_btn title=&#8221;NEXT &gt;&#8221; style=&#8221;outline-custom&#8221; outline_custom_color=&#8221;#666666&#8243; outline_custom_hover_background=&#8221;#666666&#8243; outline_custom_hover_text=&#8221;#ffffff&#8221; shape=&#8221;square&#8221; size=&#8221;sm&#8221; css=&#8221;.vc_custom_1650910135883{padding-top: 50px !important;padding-bottom: 30px !important;}&#8221; link=&#8221;url:%2Fen%2Fpress%2Fpnn-2015%2F&#8221;]<div class=\"ult-spacer spacer-69d43f7e5fc2d\" data-id=\"69d43f7e5fc2d\" data-height=\"150\" data-height-mobile=\"150\" data-height-tab=\"150\" data-height-tab-portrait=\"\" data-height-mobile-landscape=\"\" style=\"clear:both;display:block;\"><\/div>[\/vc_column][\/vc_row]<\/p>\n<\/div>","protected":false},"excerpt":{"rendered":"<p>[vc_row full_width=&#8221;stretch_row&#8221; gap=&#8221;1&#8243; css=&#8221;.vc_custom_1759945809016{padding-top: 0px !important;padding-bottom: 0px !important;background-color: #383838 !important;}&#8221;][vc_column offset=&#8221;vc_col-lg-offset-0 vc_col-md-offset-0 vc_col-sm-offset-0&#8243; css=&#8221;.vc_custom_1590137977848{padding-top: 0px !important;padding-bottom: 0px !important;}&#8221;][vc_column_text css=&#8221;.vc_custom_1590329173237{margin-bottom: 0px !important;padding-top: 20px !important;padding-bottom: 20px !important;}&#8221;] MEDIA [\/vc_column_text][\/vc_column][\/vc_row][vc_row full_width=&#8221;stretch_row&#8221; gap=&#8221;1&#8243; bg_type=&#8221;image&#8221; parallax_style=&#8221;vcpb-default&#8221; bg_image_repeat=&#8221;no-repeat&#8221; css=&#8221;.vc_custom_1759945814666{padding-top: 0px !important;padding-bottom: 0px !important;background-color: #eaeaea !important;}&#8221;][vc_column css=&#8221;.vc_custom_1590137849040{padding-top: 0px !important;padding-bottom: 0px !important;}&#8221;][vc_column_text css=&#8221;.vc_custom_1590654371764{margin-bottom: 0px !important;padding-top: 20px !important;padding-bottom: 20px !important;}&#8221;] MIRAKEL \u2013 BILDER AUS&hellip;<\/p>\n","protected":false},"author":1,"featured_media":0,"parent":2577,"menu_order":0,"comment_status":"closed","ping_status":"closed","template":"","meta":{"footnotes":""},"class_list":["post-2657","page","type-page","status-publish","hentry","description-off"],"_links":{"self":[{"href":"https:\/\/koschies.de\/en\/wp-json\/wp\/v2\/pages\/2657","targetHints":{"allow":["GET"]}}],"collection":[{"href":"https:\/\/koschies.de\/en\/wp-json\/wp\/v2\/pages"}],"about":[{"href":"https:\/\/koschies.de\/en\/wp-json\/wp\/v2\/types\/page"}],"author":[{"embeddable":true,"href":"https:\/\/koschies.de\/en\/wp-json\/wp\/v2\/users\/1"}],"replies":[{"embeddable":true,"href":"https:\/\/koschies.de\/en\/wp-json\/wp\/v2\/comments?post=2657"}],"version-history":[{"count":3,"href":"https:\/\/koschies.de\/en\/wp-json\/wp\/v2\/pages\/2657\/revisions"}],"predecessor-version":[{"id":3717,"href":"https:\/\/koschies.de\/en\/wp-json\/wp\/v2\/pages\/2657\/revisions\/3717"}],"up":[{"embeddable":true,"href":"https:\/\/koschies.de\/en\/wp-json\/wp\/v2\/pages\/2577"}],"wp:attachment":[{"href":"https:\/\/koschies.de\/en\/wp-json\/wp\/v2\/media?parent=2657"}],"curies":[{"name":"wp","href":"https:\/\/api.w.org\/{rel}","templated":true}]}}