{"id":2648,"date":"2022-04-25T20:05:14","date_gmt":"2022-04-25T18:05:14","guid":{"rendered":"https:\/\/koschies.de\/?page_id=2648"},"modified":"2025-10-08T19:48:09","modified_gmt":"2025-10-08T17:48:09","slug":"limburg-nassauische2","status":"publish","type":"page","link":"https:\/\/koschies.de\/en\/press\/limburg-nassauische2\/","title":{"rendered":"Limburg-Nassauische2"},"content":{"rendered":"<div class=\"wpb-content-wrapper\"><p>[vc_row full_width=&#8221;stretch_row&#8221; gap=&#8221;1&#8243; css=&#8221;.vc_custom_1759945674102{padding-top: 0px !important;padding-bottom: 0px !important;background-color: #383838 !important;}&#8221;][vc_column offset=&#8221;vc_col-lg-offset-0 vc_col-md-offset-0 vc_col-sm-offset-0&#8243; css=&#8221;.vc_custom_1590137977848{padding-top: 0px !important;padding-bottom: 0px !important;}&#8221;][vc_column_text css=&#8221;.vc_custom_1590329173237{margin-bottom: 0px !important;padding-top: 20px !important;padding-bottom: 20px !important;}&#8221;]<\/p>\n<h3 style=\"text-align: left;\"><span style=\"color: #ffffff;\">MEDIA<\/span><\/h3>\n<p>[\/vc_column_text][\/vc_column][\/vc_row][vc_row full_width=&#8221;stretch_row&#8221; gap=&#8221;1&#8243; bg_type=&#8221;image&#8221; parallax_style=&#8221;vcpb-default&#8221; bg_image_repeat=&#8221;no-repeat&#8221; css=&#8221;.vc_custom_1759945679451{padding-top: 0px !important;padding-bottom: 0px !important;background-color: #eaeaea !important;}&#8221;][vc_column css=&#8221;.vc_custom_1590137849040{padding-top: 0px !important;padding-bottom: 0px !important;}&#8221;][vc_column_text css=&#8221;.vc_custom_1590312149760{margin-bottom: 0px !important;padding-top: 20px !important;padding-bottom: 20px !important;}&#8221;]<\/p>\n<h3>KUNSTPREIS DER STADT LIMBURG<\/h3>\n<p>[\/vc_column_text][\/vc_column][\/vc_row][vc_row full_width=&#8221;stretch_row&#8221; gap=&#8221;1&#8243; bg_type=&#8221;image&#8221; parallax_style=&#8221;vcpb-default&#8221; bg_image_repeat=&#8221;no-repeat&#8221; css=&#8221;.vc_custom_1759945686185{padding-top: 20px !important;padding-bottom: 80px !important;}&#8221;][vc_column width=&#8221;2\/3&#8243; offset=&#8221;vc_col-lg-offset-3 vc_col-lg-7 vc_col-md-offset-2 vc_col-md-7 vc_col-sm-offset-2&#8243;][vc_column_text]<span style=\"color: #808080;\"><strong><span class=\"headl\">Nassauische Neue Presse \/ Frankfurter Neue Presse vom 3.6.2017<\/span><\/strong><\/span><\/p>\n<p>&nbsp;<\/p>\n<p><span class=\"nli\"><strong>K\u00fcnstlerpaar Koschies fotografiert mit einer Schlitzkamera<\/strong><\/span><\/p>\n<h2><span class=\"headl\">Limburger Kunstpreis geht nach Potsdam<\/span><\/h2>\n<p><span class=\"nli\">Das K\u00fcnstlerpaar Koschies aus Potsdam erh\u00e4lt den Kunstpreis der Stadt Limburg 2017. Zur diesj\u00e4hrigen Ausschreibung mit dem Thema \u201eZeitSpr\u00fcnge\u201c bewarben sich K\u00fcnstlerinnen, K\u00fcnstler und K\u00fcnstlergruppen aus der gesamten Bundesrepublik.<\/span>[\/vc_column_text][vc_single_image image=&#8221;604&#8243; img_size=&#8221;full&#8221; css=&#8221;.vc_custom_1590313598279{margin-bottom: 0px !important;padding-bottom: 0px !important;}&#8221;][vc_column_text css=&#8221;.vc_custom_1590313611797{margin-top: 10px !important;padding-top: 0px !important;}&#8221;]<em><span class=\"nli\">Burning Life nennt das K\u00fcnstlerpaar Koschies dieses Werk,<br \/>\ndas ebenfalls mit der Schlitzkamera aufgenommen wurde.<\/span><\/em>[\/vc_column_text][vc_column_text]<span class=\"nli\"><strong>Limburg.\u00a0<\/strong>Die Wahl der Limburger-Kunstpreis-Jury ist in diesem Jahr auf das K\u00fcnstlerpaar Koschies aus Potsdam gefallen. Preisverleihung und Ausstellungser\u00f6ffnung finden am Freitag, dem 15. September um 19 Uhr in den Kunstsammlungen der Stadt Limburg statt.<br \/>\n\u201eDas K\u00fcnstlerpaar Koschies begeisterte die Jury mit ihren faszinierenden Bildern aus der 4. Dimension. Koschies\u2019 au\u00dfergew\u00f6hnliche \u00e4sthetische Fotografien brechen mit konventionellen Sehgewohnheiten und machen Zeit in ihrer horizontalen Ausdehnung sichtbar\u201c, begr\u00fcndet Irene R\u00f6rig, die Leiterin des Kulturamtes der Stadt, die Entscheidung der Jury. Beeindruckt und \u00fcberrascht zeigte sich das Gremium von den vielf\u00e4ltigen Ideen und Arbeiten, die zum Thema \u201eZeitSpr\u00fcnge\u201c eingereicht wurden.<\/span>[\/vc_column_text][vc_single_image image=&#8221;605&#8243; img_size=&#8221;full&#8221; css=&#8221;.vc_custom_1590313662655{margin-bottom: 0px !important;padding-bottom: 0px !important;}&#8221;][vc_column_text css=&#8221;.vc_custom_1590313683500{margin-top: 10px !important;padding-top: 0px !important;}&#8221;]<em class=\"nli\">Foto: uwe arens<br \/>\nDas K\u00fcnstlerpaar Koschies aus Potsdam erh\u00e4lt den Kunstpreis 2017 der Stadt Limburg.<\/em>[\/vc_column_text][vc_column_text]<span class=\"nli\"><strong>Bilder voller Dynamik<\/strong><\/span><\/p>\n<p><span class=\"nli\"><br \/>\n\u201eEin spannendes Projekt, das vom 15. September bis 12. November zu einem Besuch der Kunstsammlungen der Stadt Limburg einl\u00e4dt und einen hochinteressanten Kunstdialog verspricht\u201c, zeigt sich Irene R\u00f6rig \u00fcberzeugt. Das K\u00fcnstlerpaar Koschies fotografiert auf eine au\u00dfergew\u00f6hnliche Weise: mit einer Schlitzkamera. Diese Technik erm\u00f6glicht es ihnen, Bilder voller Dynamik und Verzerrung zu erschaffen.<\/span><\/p>\n<p>Der Kunstpreis wird verliehen vom Magistrat der Kreisstadt Limburg, dem F\u00f6rderkreis Bildende Kunst Limburg und wird von der Kreissparkasse Limburg unterst\u00fctzt. Der Kunstpreis wird bundesweit mit wechselnder Themenstellung ausgeschrieben. Er ist mit 5.000 Euro dotiert und mit einer Ausstellung in den Kunstsammlungen der Stadt verbunden. Alle Techniken sind zugelassen. Eine Altersbegrenzung besteht nicht. Ziel des Preises ist es, durch das Preisgeld und die Ausstellung K\u00fcnstlerinnen, K\u00fcnstlern oder einer K\u00fcnstlergruppe die M\u00f6glichkeit zu geben, eigene, bereits vorhandene oder neue Vorstellungen und Werke mit einer gestellten Thematik zu verbinden, daraus ein individuelles Ausstellungskonzept zu entwickeln und damit an die \u00d6ffentlichkeit zu treten.<br clear=\"ALL\" \/>Seit 1996 beraten der Journalist Johannes Br\u00f6ckers, der Kunsthistoriker Dr. Gabriel Hefele, Andr\u00e9 Kramm, Vorsitzender des F\u00f6rderkreises Bildende Kunst Limburg, Prof. Eckhard Kremers, K\u00fcnstler, sowie Irene R\u00f6rig, Leiterin des Kulturamtes der Stadt Limburg, einmal j\u00e4hrlich \u00fcber den Gewinner des Kunstpreises. Auch das jeweilige Thema, unter dem der Kunstpreis steht, wird von der Jury festgelegt. \u201eWir m\u00f6chten K\u00fcnstlerinnen und K\u00fcnstlern, die ganz besondere Positionen vertreten, eine Plattform bieten, sich und ihre Kunst dem Publikum zu pr\u00e4sentieren\u201c, so die Jury. [\/vc_column_text][vc_btn title=&#8221;NEXT &gt;&#8221; style=&#8221;outline-custom&#8221; outline_custom_color=&#8221;#666666&#8243; outline_custom_hover_background=&#8221;#666666&#8243; outline_custom_hover_text=&#8221;#ffffff&#8221; shape=&#8221;square&#8221; size=&#8221;sm&#8221; css=&#8221;.vc_custom_1650909911925{padding-top: 50px !important;padding-bottom: 30px !important;}&#8221; link=&#8221;url:%2Fen%2Fpress%2Fpotsdam-live%2F&#8221;]<div class=\"ult-spacer spacer-69d442f23d8ce\" data-id=\"69d442f23d8ce\" data-height=\"120\" data-height-mobile=\"120\" data-height-tab=\"120\" data-height-tab-portrait=\"\" data-height-mobile-landscape=\"\" style=\"clear:both;display:block;\"><\/div>[\/vc_column][\/vc_row]<\/p>\n<\/div>","protected":false},"excerpt":{"rendered":"<p>[vc_row full_width=&#8221;stretch_row&#8221; gap=&#8221;1&#8243; css=&#8221;.vc_custom_1759945674102{padding-top: 0px !important;padding-bottom: 0px !important;background-color: #383838 !important;}&#8221;][vc_column offset=&#8221;vc_col-lg-offset-0 vc_col-md-offset-0 vc_col-sm-offset-0&#8243; css=&#8221;.vc_custom_1590137977848{padding-top: 0px !important;padding-bottom: 0px !important;}&#8221;][vc_column_text css=&#8221;.vc_custom_1590329173237{margin-bottom: 0px !important;padding-top: 20px !important;padding-bottom: 20px !important;}&#8221;] MEDIA [\/vc_column_text][\/vc_column][\/vc_row][vc_row full_width=&#8221;stretch_row&#8221; gap=&#8221;1&#8243; bg_type=&#8221;image&#8221; parallax_style=&#8221;vcpb-default&#8221; bg_image_repeat=&#8221;no-repeat&#8221; css=&#8221;.vc_custom_1759945679451{padding-top: 0px !important;padding-bottom: 0px !important;background-color: #eaeaea !important;}&#8221;][vc_column css=&#8221;.vc_custom_1590137849040{padding-top: 0px !important;padding-bottom: 0px !important;}&#8221;][vc_column_text css=&#8221;.vc_custom_1590312149760{margin-bottom: 0px !important;padding-top: 20px !important;padding-bottom: 20px !important;}&#8221;] KUNSTPREIS DER STADT LIMBURG&hellip;<\/p>\n","protected":false},"author":1,"featured_media":0,"parent":2577,"menu_order":0,"comment_status":"closed","ping_status":"closed","template":"","meta":{"footnotes":""},"class_list":["post-2648","page","type-page","status-publish","hentry","description-off"],"_links":{"self":[{"href":"https:\/\/koschies.de\/en\/wp-json\/wp\/v2\/pages\/2648","targetHints":{"allow":["GET"]}}],"collection":[{"href":"https:\/\/koschies.de\/en\/wp-json\/wp\/v2\/pages"}],"about":[{"href":"https:\/\/koschies.de\/en\/wp-json\/wp\/v2\/types\/page"}],"author":[{"embeddable":true,"href":"https:\/\/koschies.de\/en\/wp-json\/wp\/v2\/users\/1"}],"replies":[{"embeddable":true,"href":"https:\/\/koschies.de\/en\/wp-json\/wp\/v2\/comments?post=2648"}],"version-history":[{"count":3,"href":"https:\/\/koschies.de\/en\/wp-json\/wp\/v2\/pages\/2648\/revisions"}],"predecessor-version":[{"id":3714,"href":"https:\/\/koschies.de\/en\/wp-json\/wp\/v2\/pages\/2648\/revisions\/3714"}],"up":[{"embeddable":true,"href":"https:\/\/koschies.de\/en\/wp-json\/wp\/v2\/pages\/2577"}],"wp:attachment":[{"href":"https:\/\/koschies.de\/en\/wp-json\/wp\/v2\/media?parent=2648"}],"curies":[{"name":"wp","href":"https:\/\/api.w.org\/{rel}","templated":true}]}}