{"id":2639,"date":"2022-04-25T19:58:49","date_gmt":"2022-04-25T17:58:49","guid":{"rendered":"https:\/\/koschies.de\/?page_id=2639"},"modified":"2025-10-08T19:45:52","modified_gmt":"2025-10-08T17:45:52","slug":"grenzgang","status":"publish","type":"page","link":"https:\/\/koschies.de\/en\/press\/grenzgang\/","title":{"rendered":"Grenzgang"},"content":{"rendered":"<div class=\"wpb-content-wrapper\"><p>[vc_row full_width=&#8221;stretch_row&#8221; gap=&#8221;1&#8243; css=&#8221;.vc_custom_1759945534899{padding-top: 0px !important;padding-bottom: 0px !important;background-color: #383838 !important;}&#8221;][vc_column offset=&#8221;vc_col-lg-offset-0 vc_col-md-offset-0 vc_col-sm-offset-0&#8243; css=&#8221;.vc_custom_1590137977848{padding-top: 0px !important;padding-bottom: 0px !important;}&#8221;][vc_column_text css=&#8221;.vc_custom_1590329113741{margin-bottom: 0px !important;padding-top: 20px !important;padding-bottom: 20px !important;}&#8221;]<\/p>\n<h3 style=\"text-align: left;\"><span style=\"color: #ffffff;\">MEDIA<\/span><\/h3>\n<p>[\/vc_column_text][\/vc_column][\/vc_row][vc_row full_width=&#8221;stretch_row&#8221; gap=&#8221;1&#8243; bg_type=&#8221;image&#8221; parallax_style=&#8221;vcpb-default&#8221; bg_image_repeat=&#8221;no-repeat&#8221; css=&#8221;.vc_custom_1759945541200{padding-top: 0px !important;padding-bottom: 0px !important;background-color: #eaeaea !important;}&#8221;][vc_column css=&#8221;.vc_custom_1590137849040{padding-top: 0px !important;padding-bottom: 0px !important;}&#8221;][vc_column_text css=&#8221;.vc_custom_1590139010224{margin-bottom: 0px !important;padding-top: 20px !important;padding-bottom: 20px !important;}&#8221;]<\/p>\n<h3><span class=\"dli\">GRENZGANG FOTOKUNST<\/span><\/h3>\n<p>[\/vc_column_text][\/vc_column][\/vc_row][vc_row full_width=&#8221;stretch_row&#8221; gap=&#8221;1&#8243; bg_type=&#8221;image&#8221; parallax_style=&#8221;vcpb-default&#8221; bg_image_repeat=&#8221;no-repeat&#8221; css=&#8221;.vc_custom_1759945548218{padding-top: 20px !important;padding-bottom: 80px !important;}&#8221;][vc_column width=&#8221;2\/3&#8243; offset=&#8221;vc_col-lg-offset-3 vc_col-lg-7 vc_col-md-offset-2 vc_col-md-7 vc_col-sm-offset-2&#8243;][vc_column_text]<span style=\"color: #808080;\"><strong>Wiesbadener Kurier \/ Wiesbadener Tageblatt vom 17.08.2019 (Auszug)<\/strong><\/span><\/p>\n<p>&nbsp;<\/p>\n<h2>Fototage Wiesbaden<\/h2>\n<p><strong>Das Ausloten von Grenzen ist seit jeher immanenter Bestandteil von Fotokunst. \u201eGrenzgang Fotokunst\u201c ist das Thema der 11. Wiesbadener Fototage, die vom 17. August bis zum 1. September dazu einladen, zeitgen\u00f6ssische Fotografie zu entdecken. (&#8230;)<\/strong>[\/vc_column_text][vc_single_image image=&#8221;218&#8243; img_size=&#8221;full&#8221; css=&#8221;.vc_custom_1590135798366{margin-bottom: 0px !important;padding-bottom: 0px !important;}&#8221;][vc_column_text css=&#8221;.vc_custom_1590135823306{margin-top: 10px !important;padding-top: 0px !important;}&#8221;]<em>Die Grenzen der Dimensionen sprengen KOSCHIES mit monumentalen Portraits im Ministerium f\u00fcr Wissenschaft und Kunst.<\/em>[\/vc_column_text][vc_column_text]<strong>11. Wiesbadener Fototage 2019<\/strong><\/p>\n<p><strong>KOSCHIES \u00bb Surfaces \u00ab<\/strong><\/p>\n<p>Die anl\u00e4sslich der Wiesbadener Fototage im Ministerium f\u00fcr Wissenschaft und Kunst ausgestellten Arbeiten des K\u00fcnstlerehepaares Koschies geh\u00f6ren zu einem Bereich experimenteller Kunst, bei der eine Raumachse durch die Zeitachse ausgetauscht wird.<\/p>\n<p>Als fotografische Technik dient dabei das Schlitzkamera-Verfahren, das historisch auf Kameras zur\u00fcckgeht, die ab 1843 nachweisbar sind. Der Film wird hinter einem schmalen Spalt bewegt und dadurch kontinuierlich belichtet. Ein Zeitablauf wird dadurch \u201emitgeschrieben\u201c. W\u00e4hrend bei herk\u00f6mmlichen Langzeitbelichtungen das Statische scharf abgebildet wird und das Bewegte verschwimmt, ist es hier umgekehrt \u2013 es gibt ein Vorher und ein Nachher nebeneinander auf demselben Bild.<\/p>\n<p>Die beiden K\u00fcnstler haben bereits vor etlichen Jahren mit dieser Technik viel Aufsehen erregt, weil sie Zeit auf neuartige Weise sichtbar gemacht und dadurch eine neue Bild\u00e4sthetik angeboten haben. Inzwischen arbeiten sie auch digital, was ihnen Farbaufnahmen erm\u00f6glicht.[\/vc_column_text][vc_single_image image=&#8221;219&#8243; img_size=&#8221;full&#8221;][vc_column_text]F\u00fcr die Wiesbadener Fototage haben sie eine Serie von Portraits ausgew\u00e4hlt. Hierbei sieht man, wie etwa auch in den Werken Picassos, verschiedene Bereiche des Kopfes, der f\u00fcr die Aufnahme sozusagen \u201eabgerollt\u201c wird, gleichzeitig. Das erlaubt nicht nur eine Ansicht des ganzen Kopfs, sondern bietet auch eine v\u00f6llig neuartige Gestaltungssprache an, weil der Betrachter die optische Deformierung nicht unmittelbar entschl\u00fcsseln kann. Auf diese Weise k\u00f6nnen Pers\u00f6nlichkeitsaspekte der dargestellten Menschen erkennbar werden, die in der konventionellen Portraitfotografie weitgehend verborgen bleiben.<\/p>\n<p>Die so fotografierten Portraits zeichnen sich durch eine verst\u00f6rende Pr\u00e4senz und Wucht aus; die zum Teil sichtbare Unterschiedlichkeit der Blickachsen belegen, dass bei jedem Bild eben ein zeitlicher Ablauf zu sehen ist, der in der Momentfotografie nicht zum Tragen kommt.<\/p>\n<p><em>Alexander Gl\u00fcck<\/em>[\/vc_column_text][vc_btn title=&#8221;NEXT &gt;&#8221; style=&#8221;outline-custom&#8221; outline_custom_color=&#8221;#666666&#8243; outline_custom_hover_background=&#8221;#666666&#8243; outline_custom_hover_text=&#8221;#ffffff&#8221; shape=&#8221;square&#8221; size=&#8221;sm&#8221; css=&#8221;.vc_custom_1650909604336{padding-top: 50px !important;padding-bottom: 30px !important;}&#8221; link=&#8221;url:%2Fen%2Fpress%2Flimburg-rhein-zeitung%2F&#8221;]<div class=\"ult-spacer spacer-69f46a2048a07\" data-id=\"69f46a2048a07\" data-height=\"120\" data-height-mobile=\"120\" data-height-tab=\"120\" data-height-tab-portrait=\"\" data-height-mobile-landscape=\"\" style=\"clear:both;display:block;\"><\/div>[\/vc_column][\/vc_row]<\/p>\n<\/div>","protected":false},"excerpt":{"rendered":"<p>[vc_row full_width=&#8221;stretch_row&#8221; gap=&#8221;1&#8243; css=&#8221;.vc_custom_1759945534899{padding-top: 0px !important;padding-bottom: 0px !important;background-color: #383838 !important;}&#8221;][vc_column offset=&#8221;vc_col-lg-offset-0 vc_col-md-offset-0 vc_col-sm-offset-0&#8243; css=&#8221;.vc_custom_1590137977848{padding-top: 0px !important;padding-bottom: 0px !important;}&#8221;][vc_column_text css=&#8221;.vc_custom_1590329113741{margin-bottom: 0px !important;padding-top: 20px !important;padding-bottom: 20px !important;}&#8221;] MEDIA [\/vc_column_text][\/vc_column][\/vc_row][vc_row full_width=&#8221;stretch_row&#8221; gap=&#8221;1&#8243; bg_type=&#8221;image&#8221; parallax_style=&#8221;vcpb-default&#8221; bg_image_repeat=&#8221;no-repeat&#8221; css=&#8221;.vc_custom_1759945541200{padding-top: 0px !important;padding-bottom: 0px !important;background-color: #eaeaea !important;}&#8221;][vc_column css=&#8221;.vc_custom_1590137849040{padding-top: 0px !important;padding-bottom: 0px !important;}&#8221;][vc_column_text css=&#8221;.vc_custom_1590139010224{margin-bottom: 0px !important;padding-top: 20px !important;padding-bottom: 20px !important;}&#8221;] GRENZGANG FOTOKUNST [\/vc_column_text][\/vc_column][\/vc_row][vc_row full_width=&#8221;stretch_row&#8221;&hellip;<\/p>\n","protected":false},"author":1,"featured_media":0,"parent":2577,"menu_order":0,"comment_status":"closed","ping_status":"closed","template":"","meta":{"footnotes":""},"class_list":["post-2639","page","type-page","status-publish","hentry","description-off"],"_links":{"self":[{"href":"https:\/\/koschies.de\/en\/wp-json\/wp\/v2\/pages\/2639","targetHints":{"allow":["GET"]}}],"collection":[{"href":"https:\/\/koschies.de\/en\/wp-json\/wp\/v2\/pages"}],"about":[{"href":"https:\/\/koschies.de\/en\/wp-json\/wp\/v2\/types\/page"}],"author":[{"embeddable":true,"href":"https:\/\/koschies.de\/en\/wp-json\/wp\/v2\/users\/1"}],"replies":[{"embeddable":true,"href":"https:\/\/koschies.de\/en\/wp-json\/wp\/v2\/comments?post=2639"}],"version-history":[{"count":4,"href":"https:\/\/koschies.de\/en\/wp-json\/wp\/v2\/pages\/2639\/revisions"}],"predecessor-version":[{"id":3711,"href":"https:\/\/koschies.de\/en\/wp-json\/wp\/v2\/pages\/2639\/revisions\/3711"}],"up":[{"embeddable":true,"href":"https:\/\/koschies.de\/en\/wp-json\/wp\/v2\/pages\/2577"}],"wp:attachment":[{"href":"https:\/\/koschies.de\/en\/wp-json\/wp\/v2\/media?parent=2639"}],"curies":[{"name":"wp","href":"https:\/\/api.w.org\/{rel}","templated":true}]}}