{"id":2548,"date":"2022-04-17T11:03:24","date_gmt":"2022-04-17T09:03:24","guid":{"rendered":"https:\/\/koschies.de\/?page_id=2548"},"modified":"2025-10-08T19:54:39","modified_gmt":"2025-10-08T17:54:39","slug":"maz-2011","status":"publish","type":"page","link":"https:\/\/koschies.de\/en\/press\/maz-2011\/","title":{"rendered":"MAZ 2011"},"content":{"rendered":"<div class=\"wpb-content-wrapper\"><p>[vc_row full_width=&#8221;stretch_row&#8221; gap=&#8221;1&#8243; css=&#8221;.vc_custom_1759946065100{padding-top: 0px !important;padding-bottom: 0px !important;background-color: #383838 !important;}&#8221;][vc_column offset=&#8221;vc_col-lg-offset-0 vc_col-md-offset-0 vc_col-sm-offset-0&#8243; css=&#8221;.vc_custom_1590137977848{padding-top: 0px !important;padding-bottom: 0px !important;}&#8221;][vc_column_text css=&#8221;.vc_custom_1590329173237{margin-bottom: 0px !important;padding-top: 20px !important;padding-bottom: 20px !important;}&#8221;]<\/p>\n<h3 style=\"text-align: left;\"><span style=\"color: #ffffff;\">MEDIA<\/span><\/h3>\n<p>[\/vc_column_text][\/vc_column][\/vc_row][vc_row full_width=&#8221;stretch_row&#8221; gap=&#8221;1&#8243; bg_type=&#8221;image&#8221; parallax_style=&#8221;vcpb-default&#8221; bg_image_repeat=&#8221;no-repeat&#8221; css=&#8221;.vc_custom_1759946070553{padding-top: 0px !important;padding-bottom: 0px !important;background-color: #eaeaea !important;}&#8221;][vc_column css=&#8221;.vc_custom_1590137849040{padding-top: 0px !important;padding-bottom: 0px !important;}&#8221;][vc_column_text css=&#8221;.vc_custom_1590664365861{margin-bottom: 0px !important;padding-top: 20px !important;padding-bottom: 20px !important;}&#8221;]<\/p>\n<h3>RUNNING DIRECTION<\/h3>\n<p>[\/vc_column_text][\/vc_column][\/vc_row][vc_row full_width=&#8221;stretch_row&#8221; gap=&#8221;1&#8243; bg_type=&#8221;image&#8221; parallax_style=&#8221;vcpb-default&#8221; bg_image_repeat=&#8221;no-repeat&#8221; css=&#8221;.vc_custom_1759946076016{padding-top: 20px !important;padding-bottom: 80px !important;background-color: #f7f7f7 !important;}&#8221;][vc_column width=&#8221;2\/3&#8243; offset=&#8221;vc_col-lg-offset-3 vc_col-lg-7 vc_col-md-offset-2 vc_col-md-7 vc_col-sm-offset-2&#8243;][vc_column_text]<span style=\"color: #808080;\"><strong>M\u00e4rkische Allgemeine Zeitung (MAZ) from 22.10.2011<\/strong><\/span><\/p>\n<p>&nbsp;<\/p>\n<h2>THE MOVING DIRECTOR<\/h2>\n<p>(translated from: DER BEWEGTE REGISSEUR)<br \/>\n<b><\/b><\/p>\n<p><strong>Exhibition: The series &#8220;Running Direction&#8221; by the photographer couple Koschies in the Sperl Gallery. Time coagulates in these photographs artfully shot on a time-slit camera.<\/strong><\/p>\n<p>Surrealist photography in the Sperl Gallery \u2013 how does that work? In the beginning, everything is real: the performers, the props, the photographers, the technique, the recording material. What then emerges as a photographic image is surreal. Who is not reminded of Dali and Francis Bacon!<\/p>\n<p>Fourteen directors have posed as models, or to be more precise: have run as models. They agreed with the photographer couple Koschies<span class=\"Apple-converted-space\">\u00a0 <\/span>on what to stage, how to move. Andreas Dresen plays a gestural &#8220;com\u00e9die humaine&#8221;, Dani Levy tries dry rowing, Hannes St\u00f6hr juggles, Pola Schirin Beck plays ball together with Andreas Kannengie\u00dfer. But it is not the fraction of individual phases of movement that is captured. In the long formats, the course of an action spreads out in often confusing forms. Time is not fragmented into individual images; time becomes visible in the picture as a progression of forms.<\/p>\n<p>The decisive technical device is a special camera with a slit instead of a shutter. It records the movement of the protagonists in a long exposure of several seconds.[\/vc_column_text][vc_single_image image=&#8221;1064&#8243; img_size=&#8221;full&#8221; css=&#8221;.vc_custom_1590668784442{margin-bottom: 0px !important;padding-bottom: 0px !important;}&#8221;][vc_column_text css=&#8221;.vc_custom_1650186183354{margin-top: 10px !important;padding-top: 0px !important;}&#8221;]<em>The photographer couple Koschies in front of the picture of Andreas Dresen<span class=\"Apple-converted-space\"><br \/>\n<\/span>Photo MAZ \/ Bernd Gartenschl\u00e4ger<\/em>[\/vc_column_text][vc_column_text]What emerges surpasses any painterly surrealism. Andreas Dresen&#8217;s movements merge into a holistically animated panorama of forms from which heads grow, sharp or blurred, depending on the direction from which the picture is taken. A head, a portrait is in focus at least once in each image to identify the person or persons depicted. The only picture of stillness, of the motionless body, is the one with J\u00fcrgen B\u00f6ttcher alias Strawalde. Tranquillity is signalled by the body, which is drawn across the entire time frame and has mutated into a colour bar. Wondrous are the coloured traces of moving objects, such as balls, in their deformation. Arms can stretch out almost endlessly or acquire hands at both ends. Shadows lead virtually crazy lives of their own. All this opens up a new &#8220;Wondrous Story&#8221; for Chamisso&#8217;s &#8220;Peter Schlemihl&#8221;.<\/p>\n<p>The suggestion to bring directors into the picture in an unusual way was brought to the photographer couple Koschies, both experienced and successful in the field of theatre photography and illustration, by the project office &#8220;2011 Potsdam \u2013 City of Film&#8221;. They have been working with the time-slit camera since 1990.<\/p>\n<p>The current series &#8220;Directors in the Space of Time&#8221; \u2013 called &#8220;Running Direction&#8221; in the exhibition \u2013 was created in colour for the first time. It is undoubtedly one of the most original and artistically surprising contributions to the thematic year &#8220;City of Film&#8221;.<\/p>\n<p><em>Dr. Arno Neumann<\/em>[\/vc_column_text][vc_btn title=&#8221;NEXT &gt;&#8221; style=&#8221;outline-custom&#8221; outline_custom_color=&#8221;#666666&#8243; outline_custom_hover_background=&#8221;#666666&#8243; outline_custom_hover_text=&#8221;#ffffff&#8221; shape=&#8221;square&#8221; size=&#8221;sm&#8221; css=&#8221;.vc_custom_1650910516097{padding-top: 50px !important;padding-bottom: 30px !important;}&#8221; link=&#8221;url:%2Fen%2Fpress%2Fpnn-2011%2F&#8221;]<div class=\"ult-spacer spacer-69d4420038280\" data-id=\"69d4420038280\" data-height=\"150\" data-height-mobile=\"150\" data-height-tab=\"150\" data-height-tab-portrait=\"\" data-height-mobile-landscape=\"\" style=\"clear:both;display:block;\"><\/div>[\/vc_column][\/vc_row]<\/p>\n<\/div>","protected":false},"excerpt":{"rendered":"<p>[vc_row full_width=&#8221;stretch_row&#8221; gap=&#8221;1&#8243; css=&#8221;.vc_custom_1759946065100{padding-top: 0px !important;padding-bottom: 0px !important;background-color: #383838 !important;}&#8221;][vc_column offset=&#8221;vc_col-lg-offset-0 vc_col-md-offset-0 vc_col-sm-offset-0&#8243; css=&#8221;.vc_custom_1590137977848{padding-top: 0px !important;padding-bottom: 0px !important;}&#8221;][vc_column_text css=&#8221;.vc_custom_1590329173237{margin-bottom: 0px !important;padding-top: 20px !important;padding-bottom: 20px !important;}&#8221;] MEDIA [\/vc_column_text][\/vc_column][\/vc_row][vc_row full_width=&#8221;stretch_row&#8221; gap=&#8221;1&#8243; bg_type=&#8221;image&#8221; parallax_style=&#8221;vcpb-default&#8221; bg_image_repeat=&#8221;no-repeat&#8221; css=&#8221;.vc_custom_1759946070553{padding-top: 0px !important;padding-bottom: 0px !important;background-color: #eaeaea !important;}&#8221;][vc_column css=&#8221;.vc_custom_1590137849040{padding-top: 0px !important;padding-bottom: 0px !important;}&#8221;][vc_column_text css=&#8221;.vc_custom_1590664365861{margin-bottom: 0px !important;padding-top: 20px !important;padding-bottom: 20px !important;}&#8221;] RUNNING DIRECTION [\/vc_column_text][\/vc_column][\/vc_row][vc_row full_width=&#8221;stretch_row&#8221;&hellip;<\/p>\n","protected":false},"author":1,"featured_media":0,"parent":2577,"menu_order":0,"comment_status":"closed","ping_status":"closed","template":"","meta":{"footnotes":""},"class_list":["post-2548","page","type-page","status-publish","hentry","description-off"],"_links":{"self":[{"href":"https:\/\/koschies.de\/en\/wp-json\/wp\/v2\/pages\/2548","targetHints":{"allow":["GET"]}}],"collection":[{"href":"https:\/\/koschies.de\/en\/wp-json\/wp\/v2\/pages"}],"about":[{"href":"https:\/\/koschies.de\/en\/wp-json\/wp\/v2\/types\/page"}],"author":[{"embeddable":true,"href":"https:\/\/koschies.de\/en\/wp-json\/wp\/v2\/users\/1"}],"replies":[{"embeddable":true,"href":"https:\/\/koschies.de\/en\/wp-json\/wp\/v2\/comments?post=2548"}],"version-history":[{"count":8,"href":"https:\/\/koschies.de\/en\/wp-json\/wp\/v2\/pages\/2548\/revisions"}],"predecessor-version":[{"id":3723,"href":"https:\/\/koschies.de\/en\/wp-json\/wp\/v2\/pages\/2548\/revisions\/3723"}],"up":[{"embeddable":true,"href":"https:\/\/koschies.de\/en\/wp-json\/wp\/v2\/pages\/2577"}],"wp:attachment":[{"href":"https:\/\/koschies.de\/en\/wp-json\/wp\/v2\/media?parent=2548"}],"curies":[{"name":"wp","href":"https:\/\/api.w.org\/{rel}","templated":true}]}}