{"id":1817,"date":"2020-12-30T15:49:29","date_gmt":"2020-12-30T14:49:29","guid":{"rendered":"https:\/\/koschies.de\/works\/"},"modified":"2020-10-23T16:28:42","modified_gmt":"2020-10-23T14:28:42","slug":"works","status":"publish","type":"page","link":"https:\/\/koschies.de\/en\/works\/","title":{"rendered":"works"},"content":{"rendered":"<div class=\"wpb-content-wrapper\"><p>[vc_row full_width=&#8221;stretch_row&#8221; bg_type=&#8221;image&#8221; parallax_style=&#8221;vcpb-default&#8221; bg_image_new=&#8221;id^533|url^http:\/\/neu.koschies.de\/wp-content\/uploads\/2020\/05\/detail.jpg|caption^null|alt^null|title^detail|description^null&#8221; bg_image_repeat=&#8221;no-repeat&#8221; bg_image_posiiton=&#8221;0% 22%&#8221; css=&#8221;.vc_custom_1592399231386{padding-top: 80px !important;padding-bottom: 80px !important;}&#8221;][vc_column offset=&#8221;vc_col-lg-offset-0 vc_col-md-offset-0 vc_col-sm-offset-0 vc_col-xs-offset-3 vc_col-xs-6&#8243;][\/vc_column][\/vc_row][vc_row full_width=&#8221;stretch_row&#8221; css=&#8221;.vc_custom_1593087881628{padding-top: 0px !important;padding-bottom: 0px !important;background-color: #383838 !important;}&#8221;][vc_column offset=&#8221;vc_col-lg-offset-0 vc_col-md-offset-0 vc_col-sm-offset-0&#8243; css=&#8221;.vc_custom_1590139226544{padding-top: 0px !important;padding-bottom: 0px !important;}&#8221;][vc_column_text css=&#8221;.vc_custom_1590338528393{margin-bottom: 0px !important;padding-top: 20px !important;padding-bottom: 20px !important;}&#8221;]<\/p>\n<h3 style=\"text-align: left;\"><span style=\"color: #ffffff;\">WORKS<\/span><\/h3>\n<p>[\/vc_column_text][\/vc_column][\/vc_row][vc_row full_width=&#8221;stretch_row&#8221; bg_type=&#8221;image&#8221; parallax_style=&#8221;vcpb-default&#8221; bg_image_repeat=&#8221;no-repeat&#8221; css=&#8221;.vc_custom_1589998979308{padding-top: 50px !important;padding-bottom: 0px !important;background-color: #ededed !important;}&#8221;][vc_column width=&#8221;1\/2&#8243; css=&#8221;.vc_custom_1592469572670{padding-right: 50px !important;}&#8221;][vc_single_image image=&#8221;365&#8243; img_size=&#8221;full&#8221; onclick=&#8221;custom_link&#8221; link=&#8221;\/works\/human-race\/&#8221; css=&#8221;.vc_custom_1593976424166{margin-bottom: 0px !important;padding-top: 7px !important;padding-bottom: 0px !important;}&#8221;][\/vc_column][vc_column width=&#8221;1\/2&#8243; css=&#8221;.vc_custom_1589999015186{padding-right: 50px !important;}&#8221;][vc_column_text]<\/p>\n<h3>THE HUMAN RACE<\/h3>\n<p>English: Im Laufe der Zeit hat diese selbst sich nicht ver\u00e4ndert \u2013 jedoch die Intensit\u00e4t ihrer Auswirkungen. Niemals zuvor war eine so gro\u00dfe Zahl von Menschen einer derart hohen Lebensgeschwindigkeit ausgesetzt. Wer sich nicht mit der gesellschaftlich vorgegebenen Schnelligkeit bewegt, wird nicht mehr oder nur noch undeutlich wahrgenommen. Dieses Ph\u00e4nomen findet seine ad\u00e4quate mediale Entsprechung in der Technik der von KOSCHIES eingesetzten Zeitfotografie.<\/p>\n<p>Die Auseinandersetzung der K\u00fcnstler mit dem menschlichen Leben als Aneinanderreihung von Wettrennen begann vor mehr als zwei Jahrzehnten mit der Arbeit am Zyklus THE HUMAN RACE. Die komprimierten \u201estatischen Kurzfilme\u201c \u2013 von KOSCHIES mit einer modifizierten, \u00fcber f\u00fcnfzig Jahre alten Schlitzkamera in die Zeitr\u00e4ume hinein inszeniert \u2013 offenbaren sich in grobk\u00f6rnigem Schwarz-Wei\u00df auf gro\u00dfformatigen Leinwandbahnen. Sie thematisieren den Wettlauf mit der Zeit als individuelle, gesellschaftliche und vor allem k\u00fcnstlerische Herausforderung.[\/vc_column_text][\/vc_column][\/vc_row][vc_row full_width=&#8221;stretch_row&#8221; bg_type=&#8221;image&#8221; parallax_style=&#8221;vcpb-default&#8221; bg_image_repeat=&#8221;no-repeat&#8221; css=&#8221;.vc_custom_1589998979308{padding-top: 50px !important;padding-bottom: 0px !important;background-color: #ededed !important;}&#8221;][vc_column width=&#8221;1\/2&#8243; css=&#8221;.vc_custom_1589999023271{padding-right: 50px !important;}&#8221;][vc_single_image image=&#8221;149&#8243; img_size=&#8221;full&#8221; onclick=&#8221;custom_link&#8221; link=&#8221;\/works\/running-directions\/&#8221; css=&#8221;.vc_custom_1593976459803{margin-bottom: 0px !important;padding-top: 7px !important;padding-bottom: 0px !important;}&#8221;][\/vc_column][vc_column width=&#8221;1\/2&#8243; css=&#8221;.vc_custom_1589999015186{padding-right: 50px !important;}&#8221;][vc_column_text]<\/p>\n<h3>RUNNING DIRECTION<\/h3>\n<p>Filmregisseure verlassen ihre Position hinter der Kamera und r\u00fccken als sich bewegende Akteure in den Fokus der Schlitzkamera \u2013 Menschen, die selbst mediale Zeitabl\u00e4ufe inszenieren, werden damit in ebensolchen fotografisch festgehalten. Ihre Darstellung bringt Aspekte ihrer filmischen Arbeit ebenso zum Ausdruck wie Facetten ihrer Pers\u00f6nlichkeit. Bei Michael Klier flie\u00dft seine Leidenschaft f\u00fcr die Malerei Bacons gleicherma\u00dfen in die inhaltliche und \u00e4sthetische Bildgestaltung ein wie bei Almanya-Regisseurin Yasemin \u015eamdereli der familiengeschichtliche Hintergrund oder der menschlich-kom\u00f6diantische filmische Ansatz bei Andreas Dresen.<\/p>\n<p>Neben den drei bereits Erw\u00e4hnten wurden von KOSCHIES folgende Filmregisseure portr\u00e4tiert: J\u00fcrgen B\u00f6ttcher alias Strawalde, Dennis Gansel, Andreas Kannengie\u00dfer, Dani Levy, Franziska Meletzky, Christian Petzold, Pola Schirin Beck, Volker Schl\u00f6ndorff, Hannes St\u00f6hr, Christian Schwochow und Robert Thalheim.<br \/>\nDie Reihe RUNNING DIRECTION pr\u00e4sentiert ihre Zeitl\u00e4ufe.[\/vc_column_text][\/vc_column][\/vc_row][vc_row full_width=&#8221;stretch_row&#8221; bg_type=&#8221;image&#8221; parallax_style=&#8221;vcpb-default&#8221; bg_image_repeat=&#8221;no-repeat&#8221; css=&#8221;.vc_custom_1590334328925{padding-top: 50px !important;padding-bottom: 0px !important;background-color: #ededed !important;}&#8221;][vc_column width=&#8221;1\/2&#8243; css=&#8221;.vc_custom_1589998997312{padding-right: 50px !important;}&#8221;][vc_single_image image=&#8221;340&#8243; img_size=&#8221;full&#8221; onclick=&#8221;custom_link&#8221; link=&#8221;\/works\/motion-pictures\/&#8221; css=&#8221;.vc_custom_1593976477365{margin-bottom: 0px !important;padding-top: 7px !important;padding-bottom: 0px !important;}&#8221;][\/vc_column][vc_column width=&#8221;1\/2&#8243; css=&#8221;.vc_custom_1589999072383{padding-right: 50px !important;padding-bottom: 50px !important;}&#8221;][vc_column_text]<\/p>\n<h3>MOTION PICTURES<\/h3>\n<p>Auch in den Bewegungsstudien von KOSCHIES wird der eindeutige Blickwinkel der Zentralperspektive mit exaktem Fluchtpunkt aufgegeben f\u00fcr eine undefinierte Raumsituation. Raum ist nicht l\u00e4nger eine Eigenschaft der Geometrie, sondern wird durch die Pr\u00e4senz der Figuren zusammengehalten. Diese Figuren bewegen und verformen sich, bleiben aber scheinbar auf der Stelle. Ihre Dynamik in der Zeit erzeugt plastische Metamorphosen im Raum.<\/p>\n<p>Die Aufnahmen belegen, dass Dinge und menschliche Wesen sich durch sie hindurchbewegten und die Erinnerungen daran zur\u00fcckgelassen haben. Die Kontinuit\u00e4t von Handlungsabfolgen wird verdichtet zu halluzinatorisch erscheinenden Darstellungen. In ihnen kann man den surrealen Licht- und Schattenwelten eines de Chirico oder Dal\u00ed ebenso begegnen wie der \u00c4sthetik der experimentellen Versuchsreihen von Muybridge und Marey. Vor allem aber begegnet man einem au\u00dfergew\u00f6hnlichen Spektrum an Zeitextrakten, die gleichzeitig verwirren und doch auf eine faszinierende Weise neu orientieren und informieren.[\/vc_column_text][\/vc_column][\/vc_row][vc_row full_width=&#8221;stretch_row&#8221; bg_type=&#8221;image&#8221; parallax_style=&#8221;vcpb-default&#8221; bg_image_repeat=&#8221;no-repeat&#8221; css=&#8221;.vc_custom_1589999161255{padding-bottom: 0px !important;background-color: #ededed !important;}&#8221;][vc_column width=&#8221;1\/2&#8243; css=&#8221;.vc_custom_1589998997312{padding-right: 50px !important;}&#8221;][vc_single_image image=&#8221;1717&#8243; img_size=&#8221;full&#8221; onclick=&#8221;custom_link&#8221; link=&#8221;\/works\/time-lines\/&#8221; css=&#8221;.vc_custom_1593984524698{margin-bottom: 0px !important;padding-top: 7px !important;padding-bottom: 0px !important;}&#8221;][\/vc_column][vc_column width=&#8221;1\/2&#8243; css=&#8221;.vc_custom_1589999072383{padding-right: 50px !important;padding-bottom: 50px !important;}&#8221;][vc_column_text]<\/p>\n<h3>TIME LINES<\/h3>\n<p>Stillstand kondensiert zu r\u00e4umlichen Linien und bildet abstrakt anmutende Ebenen. Ein besonderer Reiz der Aufnahmen liegt in diesem indexikalischen Bezug zur unbewegten Wirklichkeit, die sich in subtile Farbverl\u00e4ufe und neutrale Fl\u00e4chen verwandelt \u2013 gestaltet nicht mit Pinsel oder Lineal, sondern mit der Zeit selbst. Die beim Anblick der parallelen horizontalen Zeitlinien sich aufdr\u00e4ngenden Bez\u00fcge zum Colourfield Painting scheinen naheliegend, ignorieren jedoch die in den Bildern von KOSCHIES enthaltenen Brechungen und Irritationen durch figurativ wahrnehmbare Elemente.<\/p>\n<p>Vor dem Hintergrund der abstrakten Fl\u00e4chen l\u00f6st sich Gegenst\u00e4ndliches in langsamer Bewegung auf und wird zu weichen Formverl\u00e4ufen. Auch die statisch wirkenden TIME LINES selbst sind nicht resistent gegen Impulse aus der r\u00e4umlichen Realit\u00e4t und geraten mit in das Spannungsfeld zwischen statischer und dynamischer Darstellung. Aus diesen Widerspr\u00fcchen heraus lassen die Motive Platz f\u00fcr das assoziative Spiel der Gedanken.[\/vc_column_text][\/vc_column][\/vc_row][vc_row full_width=&#8221;stretch_row&#8221; bg_type=&#8221;image&#8221; parallax_style=&#8221;vcpb-default&#8221; bg_image_repeat=&#8221;no-repeat&#8221; css=&#8221;.vc_custom_1589999161255{padding-bottom: 0px !important;background-color: #ededed !important;}&#8221;][vc_column width=&#8221;1\/2&#8243; css=&#8221;.vc_custom_1589998997312{padding-right: 50px !important;}&#8221;][vc_single_image image=&#8221;1399&#8243; img_size=&#8221;full&#8221; onclick=&#8221;custom_link&#8221; link=&#8221;\/works\/surfaces\/&#8221; css=&#8221;.vc_custom_1593976545362{margin-bottom: 0px !important;padding-top: 7px !important;padding-bottom: 0px !important;}&#8221;][\/vc_column][vc_column width=&#8221;1\/2&#8243; css=&#8221;.vc_custom_1589999072383{padding-right: 50px !important;padding-bottom: 50px !important;}&#8221;][vc_column_text]<\/p>\n<h3><span class=\"dli\">SURFACES<\/span><\/h3>\n<p>Die Portr\u00e4ts der Reihe SURFACES beschr\u00e4nken sich nicht auf das Gesicht der Aufgenommenen, sondern zeigen ihren Kopf. Die chronistische Perspektive erm\u00f6glicht dabei nicht nur die simultane Wahrnehmung der Essenz aller Seitenansichten des Kopfes \u2013 sie erlaubt auch die simultane Wahrnehmung der w\u00e4hrend der Aufnahme fazial ge\u00e4u\u00dferten Emotionen und der optischen Auswirkungen von Wesensmerkmalen wie Temperament oder innerer Unruhe. Drei\u00dfig Sekunden vor der laufenden Schlitzkamera sind eine zu lange Zeit, um individuelle Typizit\u00e4t g\u00e4nzlich zu kaschieren.<\/p>\n<p>Wie in ihren anderen Bildzyklen transponieren KOSCHIES in der Werkreihe SURFACES ein zeitliches Nacheinander in ein r\u00e4umliches Nebeneinander. Das Ergebnis sind temporale zweidimensionale Skulpturen \u2013 Rundumansichten des menschlichen Hauptes als intensive Gesichts- bzw. Kopflandschaften.<\/p>\n<p>Die Dargestellten werden weder namentlich genannt noch kulturell zugeordnet; es gibt keine Hinweise auf ihre religi\u00f6se, politische oder sexuelle Orientierung. Sie entstammen verschiedenen Alters- und Gesellschaftsschichten; ihre famili\u00e4ren Wurzeln befinden sich in unterschiedlichen Kontinenten.<\/p>\n<p>&nbsp;<\/p>\n<p>&nbsp;<\/p>\n<p><em>E. Schumann<\/em>[\/vc_column_text][\/vc_column][\/vc_row][vc_row full_width=&#8221;stretch_row&#8221; bg_type=&#8221;image&#8221; parallax_style=&#8221;vcpb-default&#8221; bg_image_repeat=&#8221;no-repeat&#8221; css=&#8221;.vc_custom_1590401018247{padding-top: 50px !important;padding-bottom: 80px !important;background-color: #ededed !important;}&#8221;][vc_column width=&#8221;2\/3&#8243;]<div class=\"ult-spacer spacer-69f1d3c0905c6\" data-id=\"69f1d3c0905c6\" data-height=\"120\" data-height-mobile=\"120\" data-height-tab=\"120\" data-height-tab-portrait=\"\" data-height-mobile-landscape=\"\" style=\"clear:both;display:block;\"><\/div>[\/vc_column][\/vc_row]<\/p>\n<\/div>","protected":false},"excerpt":{"rendered":"<p>[vc_row full_width=&#8221;stretch_row&#8221; bg_type=&#8221;image&#8221; parallax_style=&#8221;vcpb-default&#8221; bg_image_new=&#8221;id^533|url^http:\/\/neu.koschies.de\/wp-content\/uploads\/2020\/05\/detail.jpg|caption^null|alt^null|title^detail|description^null&#8221; bg_image_repeat=&#8221;no-repeat&#8221; bg_image_posiiton=&#8221;0% 22%&#8221; css=&#8221;.vc_custom_1592399231386{padding-top: 80px !important;padding-bottom: 80px !important;}&#8221;][vc_column offset=&#8221;vc_col-lg-offset-0 vc_col-md-offset-0 vc_col-sm-offset-0 vc_col-xs-offset-3 vc_col-xs-6&#8243;][\/vc_column][\/vc_row][vc_row full_width=&#8221;stretch_row&#8221; css=&#8221;.vc_custom_1593087881628{padding-top: 0px !important;padding-bottom: 0px !important;background-color: #383838 !important;}&#8221;][vc_column offset=&#8221;vc_col-lg-offset-0 vc_col-md-offset-0 vc_col-sm-offset-0&#8243; css=&#8221;.vc_custom_1590139226544{padding-top: 0px !important;padding-bottom: 0px !important;}&#8221;][vc_column_text css=&#8221;.vc_custom_1590338528393{margin-bottom: 0px !important;padding-top: 20px !important;padding-bottom: 20px !important;}&#8221;] WORKS [\/vc_column_text][\/vc_column][\/vc_row][vc_row full_width=&#8221;stretch_row&#8221; bg_type=&#8221;image&#8221; parallax_style=&#8221;vcpb-default&#8221; bg_image_repeat=&#8221;no-repeat&#8221; css=&#8221;.vc_custom_1589998979308{padding-top: 50px !important;padding-bottom: 0px !important;background-color: #ededed !important;}&#8221;][vc_column width=&#8221;1\/2&#8243;&hellip;<\/p>\n","protected":false},"author":1,"featured_media":0,"parent":0,"menu_order":0,"comment_status":"closed","ping_status":"closed","template":"","meta":{"footnotes":""},"class_list":["post-1817","page","type-page","status-publish","hentry","description-off"],"_links":{"self":[{"href":"https:\/\/koschies.de\/en\/wp-json\/wp\/v2\/pages\/1817","targetHints":{"allow":["GET"]}}],"collection":[{"href":"https:\/\/koschies.de\/en\/wp-json\/wp\/v2\/pages"}],"about":[{"href":"https:\/\/koschies.de\/en\/wp-json\/wp\/v2\/types\/page"}],"author":[{"embeddable":true,"href":"https:\/\/koschies.de\/en\/wp-json\/wp\/v2\/users\/1"}],"replies":[{"embeddable":true,"href":"https:\/\/koschies.de\/en\/wp-json\/wp\/v2\/comments?post=1817"}],"version-history":[{"count":2,"href":"https:\/\/koschies.de\/en\/wp-json\/wp\/v2\/pages\/1817\/revisions"}],"predecessor-version":[{"id":1820,"href":"https:\/\/koschies.de\/en\/wp-json\/wp\/v2\/pages\/1817\/revisions\/1820"}],"wp:attachment":[{"href":"https:\/\/koschies.de\/en\/wp-json\/wp\/v2\/media?parent=1817"}],"curies":[{"name":"wp","href":"https:\/\/api.w.org\/{rel}","templated":true}]}}